{"id":55,"date":"2020-11-08T22:27:20","date_gmt":"2020-11-08T21:27:20","guid":{"rendered":"http:\/\/augreduventalbi.com\/?page_id=55"},"modified":"2024-11-04T11:39:52","modified_gmt":"2024-11-04T10:39:52","slug":"55-2","status":"publish","type":"page","link":"https:\/\/augreduventalbi.com\/index.php\/55-2\/","title":{"rendered":"By Tatie Fofie"},"content":{"rendered":"\t\t<div data-elementor-type=\"wp-page\" data-elementor-id=\"55\" class=\"elementor elementor-55\" data-elementor-settings=\"[]\">\n\t\t\t\t\t\t<div class=\"elementor-inner\">\n\t\t\t\t\t\t\t<div class=\"elementor-section-wrap\">\n\t\t\t\t\t\t\t<section class=\"elementor-section elementor-top-section elementor-element elementor-element-71d8c4d elementor-section-boxed elementor-section-height-default elementor-section-height-default\" data-id=\"71d8c4d\" data-element_type=\"section\">\n\t\t\t\t\t\t<div class=\"elementor-container elementor-column-gap-default\">\n\t\t\t\t\t\t\t<div class=\"elementor-row\">\n\t\t\t\t\t<div class=\"elementor-column elementor-col-33 elementor-top-column elementor-element elementor-element-8d4b4b3\" data-id=\"8d4b4b3\" data-element_type=\"column\">\n\t\t\t<div class=\"elementor-column-wrap elementor-element-populated\">\n\t\t\t\t\t\t\t<div class=\"elementor-widget-wrap\">\n\t\t\t\t\t\t<div class=\"elementor-element elementor-element-39d9756 elementor-widget elementor-widget-image\" data-id=\"39d9756\" data-element_type=\"widget\" data-widget_type=\"image.default\">\n\t\t\t\t<div class=\"elementor-widget-container\">\n\t\t\t\t\t<div class=\"elementor-image\">\n\t\t\t\t\t\t\t\t\t\t<img loading=\"lazy\" decoding=\"async\" width=\"741\" height=\"1024\" src=\"https:\/\/augreduventalbi.com\/wp-content\/uploads\/2020\/11\/Sophie-1-1-741x1024.jpg\" class=\"attachment-large size-large\" alt=\"\" srcset=\"https:\/\/augreduventalbi.com\/wp-content\/uploads\/2020\/11\/Sophie-1-1-741x1024.jpg 741w, https:\/\/augreduventalbi.com\/wp-content\/uploads\/2020\/11\/Sophie-1-1-217x300.jpg 217w, https:\/\/augreduventalbi.com\/wp-content\/uploads\/2020\/11\/Sophie-1-1-768x1061.jpg 768w, https:\/\/augreduventalbi.com\/wp-content\/uploads\/2020\/11\/Sophie-1-1.jpg 841w\" sizes=\"auto, (max-width: 741px) 100vw, 741px\" \/>\t\t\t\t\t\t\t\t\t\t\t<\/div>\n\t\t\t\t<\/div>\n\t\t\t\t<\/div>\n\t\t\t\t\t\t<\/div>\n\t\t\t\t\t<\/div>\n\t\t<\/div>\n\t\t\t\t<div class=\"elementor-column elementor-col-66 elementor-top-column elementor-element elementor-element-a170d48\" data-id=\"a170d48\" data-element_type=\"column\">\n\t\t\t<div class=\"elementor-column-wrap elementor-element-populated\">\n\t\t\t\t\t\t\t<div class=\"elementor-widget-wrap\">\n\t\t\t\t\t\t<div class=\"elementor-element elementor-element-986c8a2 elementor-widget elementor-widget-text-editor\" data-id=\"986c8a2\" data-element_type=\"widget\" data-widget_type=\"text-editor.default\">\n\t\t\t\t<div class=\"elementor-widget-container\">\n\t\t\t\t\t<div class=\"elementor-text-editor elementor-clearfix\"><h5>Sophie A.<\/h5><h2>By Tatie Fofie<\/h2><p><strong>Cr\u00e9ations Textiles Z\u00e9ro d\u00e9chet et accessoires cheveux<br \/>Mercerie en Ligne<br \/><\/strong><\/p><p>Soucieuse de l\u2019\u00e9cologie et de l\u2019environnement, je cr\u00e9e des articles z\u00e9ro d\u00e9chet (essuie tout lavable, lingettes d\u00e9maquillantes, \u00e9ponge pour le corps, sachet de th\u00e9\u2026), avec des tissus soigneusement s\u00e9lectionn\u00e9s pour leur impact \u00e9cologique minimum.<\/p><p>Cette activit\u00e9 s&rsquo;accompagne de la cr\u00e9ation d&rsquo;accessoires f\u00e9minins tels que bandeaux ajustables, turbans \u2026<\/p><p>Toutes mes cr\u00e9ations ainsi que les tissus utilis\u00e9s sont \u00e0 retrouver sur le site By Tatie Fofie.<\/p><div><div><div><div dir=\"auto\"><div dir=\"auto\"><p><strong>\u00a0<\/strong><\/p><h5><strong>Pour contacter Sophie :<\/strong><\/h5><p>bytatiefofie@gmail.com<br \/>0749382878<br \/><a href=\"https:\/\/bytatiefofie.fr\/\" target=\"_blank\" rel=\"noopener\"><img loading=\"lazy\" decoding=\"async\" class=\"alignleft wp-image-162\" src=\"http:\/\/augreduventalbi.com\/wp-content\/uploads\/2020\/11\/web-150x150.png\" alt=\"\" width=\"30\" height=\"30\" srcset=\"https:\/\/augreduventalbi.com\/wp-content\/uploads\/2020\/11\/web-150x150.png 150w, https:\/\/augreduventalbi.com\/wp-content\/uploads\/2020\/11\/web-300x300.png 300w, https:\/\/augreduventalbi.com\/wp-content\/uploads\/2020\/11\/web.png 384w\" sizes=\"auto, (max-width: 30px) 100vw, 30px\" \/><\/a><a href=\"https:\/\/www.facebook.com\/pages\/category\/Shopping---Retail\/By-Tatie-Fofie-101980203222816\/\" target=\"_blank\" rel=\"noopener\"><img loading=\"lazy\" decoding=\"async\" class=\"alignleft wp-image-163\" src=\"http:\/\/augreduventalbi.com\/wp-content\/uploads\/2020\/11\/FB-cray-1-150x150.png\" alt=\"\" width=\"30\" height=\"31\" srcset=\"https:\/\/augreduventalbi.com\/wp-content\/uploads\/2020\/11\/FB-cray-1-150x150.png 150w, https:\/\/augreduventalbi.com\/wp-content\/uploads\/2020\/11\/FB-cray-1-292x300.png 292w, https:\/\/augreduventalbi.com\/wp-content\/uploads\/2020\/11\/FB-cray-1-995x1024.png 995w, https:\/\/augreduventalbi.com\/wp-content\/uploads\/2020\/11\/FB-cray-1-768x790.png 768w, https:\/\/augreduventalbi.com\/wp-content\/uploads\/2020\/11\/FB-cray-1.png 1320w\" sizes=\"auto, (max-width: 30px) 100vw, 30px\" \/><\/a><a href=\"https:\/\/www.instagram.com\/bytatiefofie\/\" target=\"_blank\" rel=\"noopener\"><img loading=\"lazy\" decoding=\"async\" class=\"alignleft wp-image-161\" src=\"http:\/\/augreduventalbi.com\/wp-content\/uploads\/2020\/11\/insta-150x150.png\" alt=\"\" width=\"30\" height=\"30\" srcset=\"https:\/\/augreduventalbi.com\/wp-content\/uploads\/2020\/11\/insta-150x150.png 150w, https:\/\/augreduventalbi.com\/wp-content\/uploads\/2020\/11\/insta-300x300.png 300w, https:\/\/augreduventalbi.com\/wp-content\/uploads\/2020\/11\/insta-1024x1024.png 1024w, https:\/\/augreduventalbi.com\/wp-content\/uploads\/2020\/11\/insta-768x769.png 768w, https:\/\/augreduventalbi.com\/wp-content\/uploads\/2020\/11\/insta.png 1319w\" sizes=\"auto, (max-width: 30px) 100vw, 30px\" \/><\/a><\/p><\/div><\/div><\/div><\/div><\/div><\/div>\n\t\t\t\t<\/div>\n\t\t\t\t<\/div>\n\t\t\t\t\t\t<\/div>\n\t\t\t\t\t<\/div>\n\t\t<\/div>\n\t\t\t\t\t\t\t\t<\/div>\n\t\t\t\t\t<\/div>\n\t\t<\/section>\n\t\t\t\t<section class=\"elementor-section elementor-top-section elementor-element elementor-element-f2c62cd elementor-section-boxed elementor-section-height-default elementor-section-height-default\" data-id=\"f2c62cd\" data-element_type=\"section\">\n\t\t\t\t\t\t<div class=\"elementor-container elementor-column-gap-default\">\n\t\t\t\t\t\t\t<div class=\"elementor-row\">\n\t\t\t\t\t<div class=\"elementor-column elementor-col-100 elementor-top-column elementor-element elementor-element-52d7dec\" data-id=\"52d7dec\" data-element_type=\"column\">\n\t\t\t<div class=\"elementor-column-wrap elementor-element-populated\">\n\t\t\t\t\t\t\t<div class=\"elementor-widget-wrap\">\n\t\t\t\t\t\t<div class=\"elementor-element elementor-element-da895d4 elementor-widget elementor-widget-text-editor\" data-id=\"da895d4\" data-element_type=\"widget\" data-widget_type=\"text-editor.default\">\n\t\t\t\t<div class=\"elementor-widget-container\">\n\t\t\t\t\t<div class=\"elementor-text-editor elementor-clearfix\"><h4>D\u00e9couvrez l&rsquo;univers de By Tatie Fofie<\/h4><\/div>\n\t\t\t\t<\/div>\n\t\t\t\t<\/div>\n\t\t\t\t\t\t<\/div>\n\t\t\t\t\t<\/div>\n\t\t<\/div>\n\t\t\t\t\t\t\t\t<\/div>\n\t\t\t\t\t<\/div>\n\t\t<\/section>\n\t\t\t\t<section class=\"elementor-section elementor-top-section elementor-element elementor-element-ec1a30b elementor-section-boxed elementor-section-height-default elementor-section-height-default\" data-id=\"ec1a30b\" data-element_type=\"section\">\n\t\t\t\t\t\t<div class=\"elementor-container elementor-column-gap-default\">\n\t\t\t\t\t\t\t<div class=\"elementor-row\">\n\t\t\t\t\t<div class=\"elementor-column elementor-col-100 elementor-top-column elementor-element elementor-element-aef46d7\" data-id=\"aef46d7\" data-element_type=\"column\">\n\t\t\t<div class=\"elementor-column-wrap elementor-element-populated\">\n\t\t\t\t\t\t\t<div class=\"elementor-widget-wrap\">\n\t\t\t\t\t\t<div class=\"elementor-element elementor-element-a4ba7e1 gallery-spacing-custom elementor-widget elementor-widget-image-gallery\" data-id=\"a4ba7e1\" data-element_type=\"widget\" data-widget_type=\"image-gallery.default\">\n\t\t\t\t<div class=\"elementor-widget-container\">\n\t\t\t\t\t<div class=\"elementor-image-gallery\">\n\t\t\t\n\t\t<style type=\"text\/css\">\n\t\t\t#gallery-1 {\n\t\t\t\tmargin: auto;\n\t\t\t}\n\t\t\t#gallery-1 .gallery-item {\n\t\t\t\tfloat: left;\n\t\t\t\tmargin-top: 10px;\n\t\t\t\ttext-align: center;\n\t\t\t\twidth: 25%;\n\t\t\t}\n\t\t\t#gallery-1 img {\n\t\t\t\tborder: 2px solid #cfcfcf;\n\t\t\t}\n\t\t\t#gallery-1 .gallery-caption {\n\t\t\t\tmargin-left: 0;\n\t\t\t}\n\t\t\t\/* see gallery_shortcode() in wp-includes\/media.php *\/\n\t\t<\/style>\n\t\t<div id='gallery-1' class='gallery galleryid-55 gallery-columns-4 gallery-size-thumbnail'><dl class='gallery-item'>\n\t\t\t<dt class='gallery-icon landscape'>\n\t\t\t\t<a data-elementor-open-lightbox=\"yes\" data-elementor-lightbox-slideshow=\"a4ba7e1\" href='https:\/\/augreduventalbi.com\/wp-content\/uploads\/2020\/11\/sachet-the-infusion-by-tatie-fofie.jpg'><img loading=\"lazy\" decoding=\"async\" width=\"150\" height=\"150\" src=\"https:\/\/augreduventalbi.com\/wp-content\/uploads\/2020\/11\/sachet-the-infusion-by-tatie-fofie-150x150.jpg\" class=\"attachment-thumbnail size-thumbnail\" alt=\"\" srcset=\"https:\/\/augreduventalbi.com\/wp-content\/uploads\/2020\/11\/sachet-the-infusion-by-tatie-fofie-150x150.jpg 150w, https:\/\/augreduventalbi.com\/wp-content\/uploads\/2020\/11\/sachet-the-infusion-by-tatie-fofie-300x300.jpg 300w, https:\/\/augreduventalbi.com\/wp-content\/uploads\/2020\/11\/sachet-the-infusion-by-tatie-fofie.jpg 700w\" sizes=\"auto, (max-width: 150px) 100vw, 150px\" \/><\/a>\n\t\t\t<\/dt><\/dl><dl class='gallery-item'>\n\t\t\t<dt class='gallery-icon landscape'>\n\t\t\t\t<a data-elementor-open-lightbox=\"yes\" data-elementor-lightbox-slideshow=\"a4ba7e1\" href='https:\/\/augreduventalbi.com\/wp-content\/uploads\/2020\/11\/essuie-tout-lavable-by-tatie-fofie.jpg'><img loading=\"lazy\" decoding=\"async\" width=\"150\" height=\"150\" src=\"https:\/\/augreduventalbi.com\/wp-content\/uploads\/2020\/11\/essuie-tout-lavable-by-tatie-fofie-150x150.jpg\" class=\"attachment-thumbnail size-thumbnail\" alt=\"\" srcset=\"https:\/\/augreduventalbi.com\/wp-content\/uploads\/2020\/11\/essuie-tout-lavable-by-tatie-fofie-150x150.jpg 150w, https:\/\/augreduventalbi.com\/wp-content\/uploads\/2020\/11\/essuie-tout-lavable-by-tatie-fofie-300x300.jpg 300w, https:\/\/augreduventalbi.com\/wp-content\/uploads\/2020\/11\/essuie-tout-lavable-by-tatie-fofie.jpg 700w\" sizes=\"auto, (max-width: 150px) 100vw, 150px\" \/><\/a>\n\t\t\t<\/dt><\/dl><dl class='gallery-item'>\n\t\t\t<dt class='gallery-icon landscape'>\n\t\t\t\t<a data-elementor-open-lightbox=\"yes\" data-elementor-lightbox-slideshow=\"a4ba7e1\" href='https:\/\/augreduventalbi.com\/wp-content\/uploads\/2020\/11\/eponge-lavable-coton-bio-by-tatie-fofie.jpg'><img loading=\"lazy\" decoding=\"async\" width=\"150\" height=\"150\" src=\"https:\/\/augreduventalbi.com\/wp-content\/uploads\/2020\/11\/eponge-lavable-coton-bio-by-tatie-fofie-150x150.jpg\" class=\"attachment-thumbnail size-thumbnail\" alt=\"\" srcset=\"https:\/\/augreduventalbi.com\/wp-content\/uploads\/2020\/11\/eponge-lavable-coton-bio-by-tatie-fofie-150x150.jpg 150w, https:\/\/augreduventalbi.com\/wp-content\/uploads\/2020\/11\/eponge-lavable-coton-bio-by-tatie-fofie-300x300.jpg 300w, https:\/\/augreduventalbi.com\/wp-content\/uploads\/2020\/11\/eponge-lavable-coton-bio-by-tatie-fofie.jpg 700w\" sizes=\"auto, (max-width: 150px) 100vw, 150px\" \/><\/a>\n\t\t\t<\/dt><\/dl><dl class='gallery-item'>\n\t\t\t<dt class='gallery-icon landscape'>\n\t\t\t\t<a data-elementor-open-lightbox=\"yes\" data-elementor-lightbox-slideshow=\"a4ba7e1\" href='https:\/\/augreduventalbi.com\/wp-content\/uploads\/2020\/11\/pochon-disque-demaquillant-coton-bio-by-tatie-fofie.jpg'><img loading=\"lazy\" decoding=\"async\" width=\"150\" height=\"150\" src=\"https:\/\/augreduventalbi.com\/wp-content\/uploads\/2020\/11\/pochon-disque-demaquillant-coton-bio-by-tatie-fofie-150x150.jpg\" class=\"attachment-thumbnail size-thumbnail\" alt=\"\" srcset=\"https:\/\/augreduventalbi.com\/wp-content\/uploads\/2020\/11\/pochon-disque-demaquillant-coton-bio-by-tatie-fofie-150x150.jpg 150w, https:\/\/augreduventalbi.com\/wp-content\/uploads\/2020\/11\/pochon-disque-demaquillant-coton-bio-by-tatie-fofie-300x300.jpg 300w, https:\/\/augreduventalbi.com\/wp-content\/uploads\/2020\/11\/pochon-disque-demaquillant-coton-bio-by-tatie-fofie.jpg 700w\" sizes=\"auto, (max-width: 150px) 100vw, 150px\" \/><\/a>\n\t\t\t<\/dt><\/dl><br style=\"clear: both\" \/><dl class='gallery-item'>\n\t\t\t<dt class='gallery-icon landscape'>\n\t\t\t\t<a data-elementor-open-lightbox=\"yes\" data-elementor-lightbox-slideshow=\"a4ba7e1\" href='https:\/\/augreduventalbi.com\/wp-content\/uploads\/2020\/11\/turban-bandeau-by-tatie-fofie.jpg'><img loading=\"lazy\" decoding=\"async\" width=\"150\" height=\"150\" src=\"https:\/\/augreduventalbi.com\/wp-content\/uploads\/2020\/11\/turban-bandeau-by-tatie-fofie-150x150.jpg\" class=\"attachment-thumbnail size-thumbnail\" alt=\"\" srcset=\"https:\/\/augreduventalbi.com\/wp-content\/uploads\/2020\/11\/turban-bandeau-by-tatie-fofie-150x150.jpg 150w, https:\/\/augreduventalbi.com\/wp-content\/uploads\/2020\/11\/turban-bandeau-by-tatie-fofie-300x300.jpg 300w, https:\/\/augreduventalbi.com\/wp-content\/uploads\/2020\/11\/turban-bandeau-by-tatie-fofie.jpg 700w\" sizes=\"auto, (max-width: 150px) 100vw, 150px\" \/><\/a>\n\t\t\t<\/dt><\/dl><dl class='gallery-item'>\n\t\t\t<dt class='gallery-icon landscape'>\n\t\t\t\t<a data-elementor-open-lightbox=\"yes\" data-elementor-lightbox-slideshow=\"a4ba7e1\" href='https:\/\/augreduventalbi.com\/wp-content\/uploads\/2020\/11\/bandeau-ajustable-accessoire-cheveux-by-tatie-fofie.jpg'><img loading=\"lazy\" decoding=\"async\" width=\"150\" height=\"150\" src=\"https:\/\/augreduventalbi.com\/wp-content\/uploads\/2020\/11\/bandeau-ajustable-accessoire-cheveux-by-tatie-fofie-150x150.jpg\" class=\"attachment-thumbnail size-thumbnail\" alt=\"\" srcset=\"https:\/\/augreduventalbi.com\/wp-content\/uploads\/2020\/11\/bandeau-ajustable-accessoire-cheveux-by-tatie-fofie-150x150.jpg 150w, https:\/\/augreduventalbi.com\/wp-content\/uploads\/2020\/11\/bandeau-ajustable-accessoire-cheveux-by-tatie-fofie-300x300.jpg 300w, https:\/\/augreduventalbi.com\/wp-content\/uploads\/2020\/11\/bandeau-ajustable-accessoire-cheveux-by-tatie-fofie.jpg 700w\" sizes=\"auto, (max-width: 150px) 100vw, 150px\" \/><\/a>\n\t\t\t<\/dt><\/dl>\n\t\t\t<br style='clear: both' \/>\n\t\t<\/div>\n\t\t<\/div>\n\t\t\t\t<\/div>\n\t\t\t\t<\/div>\n\t\t\t\t\t\t<\/div>\n\t\t\t\t\t<\/div>\n\t\t<\/div>\n\t\t\t\t\t\t\t\t<\/div>\n\t\t\t\t\t<\/div>\n\t\t<\/section>\n\t\t\t\t\t\t<\/div>\n\t\t\t\t\t\t<\/div>\n\t\t\t\t\t<\/div>\n\t\t","protected":false},"excerpt":{"rendered":"<p>Sophie A. By Tatie Fofie Cr\u00e9ations Textiles Z\u00e9ro d\u00e9chet et accessoires cheveuxMercerie en Ligne Soucieuse de l\u2019\u00e9cologie et de l\u2019environnement, je cr\u00e9e des articles z\u00e9ro d\u00e9chet (essuie tout lavable, lingettes d\u00e9maquillantes, \u00e9ponge pour le corps, sachet de th\u00e9\u2026), avec des tissus soigneusement s\u00e9lectionn\u00e9s pour leur impact \u00e9cologique minimum. Cette activit\u00e9 s&rsquo;accompagne de la cr\u00e9ation d&rsquo;accessoiresLire la suite &rarr;<\/p>\n","protected":false},"author":1,"featured_media":0,"parent":0,"menu_order":0,"comment_status":"closed","ping_status":"closed","template":"","meta":{"footnotes":""},"class_list":["post-55","page","type-page","status-publish","hentry","no-thumb"],"_links":{"self":[{"href":"https:\/\/augreduventalbi.com\/index.php\/wp-json\/wp\/v2\/pages\/55","targetHints":{"allow":["GET"]}}],"collection":[{"href":"https:\/\/augreduventalbi.com\/index.php\/wp-json\/wp\/v2\/pages"}],"about":[{"href":"https:\/\/augreduventalbi.com\/index.php\/wp-json\/wp\/v2\/types\/page"}],"author":[{"embeddable":true,"href":"https:\/\/augreduventalbi.com\/index.php\/wp-json\/wp\/v2\/users\/1"}],"replies":[{"embeddable":true,"href":"https:\/\/augreduventalbi.com\/index.php\/wp-json\/wp\/v2\/comments?post=55"}],"version-history":[{"count":19,"href":"https:\/\/augreduventalbi.com\/index.php\/wp-json\/wp\/v2\/pages\/55\/revisions"}],"predecessor-version":[{"id":1670,"href":"https:\/\/augreduventalbi.com\/index.php\/wp-json\/wp\/v2\/pages\/55\/revisions\/1670"}],"wp:attachment":[{"href":"https:\/\/augreduventalbi.com\/index.php\/wp-json\/wp\/v2\/media?parent=55"}],"curies":[{"name":"wp","href":"https:\/\/api.w.org\/{rel}","templated":true}]}}