{"id":306,"date":"2020-11-12T20:52:00","date_gmt":"2020-11-12T19:52:00","guid":{"rendered":"http:\/\/augreduventalbi.com\/?page_id=306"},"modified":"2024-11-04T11:39:13","modified_gmt":"2024-11-04T10:39:13","slug":"brume-de-terre","status":"publish","type":"page","link":"https:\/\/augreduventalbi.com\/index.php\/brume-de-terre\/","title":{"rendered":"Brume de terre"},"content":{"rendered":"\t\t<div data-elementor-type=\"wp-page\" data-elementor-id=\"306\" class=\"elementor elementor-306\" data-elementor-settings=\"[]\">\n\t\t\t\t\t\t<div class=\"elementor-inner\">\n\t\t\t\t\t\t\t<div class=\"elementor-section-wrap\">\n\t\t\t\t\t\t\t<section class=\"elementor-section elementor-top-section elementor-element elementor-element-007c3f3 elementor-section-boxed elementor-section-height-default elementor-section-height-default\" data-id=\"007c3f3\" data-element_type=\"section\">\n\t\t\t\t\t\t<div class=\"elementor-container elementor-column-gap-default\">\n\t\t\t\t\t\t\t<div class=\"elementor-row\">\n\t\t\t\t\t<div class=\"elementor-column elementor-col-33 elementor-top-column elementor-element elementor-element-498cd47\" data-id=\"498cd47\" data-element_type=\"column\">\n\t\t\t<div class=\"elementor-column-wrap elementor-element-populated\">\n\t\t\t\t\t\t\t<div class=\"elementor-widget-wrap\">\n\t\t\t\t\t\t<div class=\"elementor-element elementor-element-97056db elementor-widget elementor-widget-image\" data-id=\"97056db\" data-element_type=\"widget\" data-widget_type=\"image.default\">\n\t\t\t\t<div class=\"elementor-widget-container\">\n\t\t\t\t\t<div class=\"elementor-image\">\n\t\t\t\t\t\t\t\t\t\t<img loading=\"lazy\" decoding=\"async\" width=\"609\" height=\"914\" src=\"https:\/\/augreduventalbi.com\/wp-content\/uploads\/2020\/11\/Carole.2-1.jpg\" class=\"attachment-large size-large\" alt=\"\" srcset=\"https:\/\/augreduventalbi.com\/wp-content\/uploads\/2020\/11\/Carole.2-1.jpg 609w, https:\/\/augreduventalbi.com\/wp-content\/uploads\/2020\/11\/Carole.2-1-200x300.jpg 200w\" sizes=\"auto, (max-width: 609px) 100vw, 609px\" \/>\t\t\t\t\t\t\t\t\t\t\t<\/div>\n\t\t\t\t<\/div>\n\t\t\t\t<\/div>\n\t\t\t\t\t\t<\/div>\n\t\t\t\t\t<\/div>\n\t\t<\/div>\n\t\t\t\t<div class=\"elementor-column elementor-col-66 elementor-top-column elementor-element elementor-element-2155d08\" data-id=\"2155d08\" data-element_type=\"column\">\n\t\t\t<div class=\"elementor-column-wrap elementor-element-populated\">\n\t\t\t\t\t\t\t<div class=\"elementor-widget-wrap\">\n\t\t\t\t\t\t<div class=\"elementor-element elementor-element-6bb2105 elementor-widget elementor-widget-text-editor\" data-id=\"6bb2105\" data-element_type=\"widget\" data-widget_type=\"text-editor.default\">\n\t\t\t\t<div class=\"elementor-widget-container\">\n\t\t\t\t\t<div class=\"elementor-text-editor elementor-clearfix\"><h5>Carole<\/h5><h2>Brume de Terre<\/h2><p><strong>Bijoux en cuivre et perles en c\u00e9ramiques<\/strong><\/p><p>Je cr\u00e9e des bijoux inspir\u00e9s, en utilisant les mati\u00e8res selon mes envies et mes besoins: cuivre, laiton, verre, c\u00e9ramique, \u00e9maux&#8230;.<\/p><p>J&rsquo;aime m\u00e9langer les mati\u00e8res et donner un souffle de vie \u00e0 mes bijoux.<\/p><div><div><div><div dir=\"auto\">\u00a0<\/div><div dir=\"auto\"><div dir=\"auto\"><p><strong>\u00a0<\/strong><\/p><h5><strong>Pour contacter Carole :<\/strong><\/h5><p>brumedeterre@gmail.com<br \/>06 61 72 34 58<br \/><a href=\"https:\/\/www.etsy.com\/fr\/shop\/Brumedeterre\" target=\"_blank\" rel=\"noopener\"><img loading=\"lazy\" decoding=\"async\" class=\"alignleft wp-image-162\" src=\"http:\/\/augreduventalbi.com\/wp-content\/uploads\/2020\/11\/web-150x150.png\" alt=\"\" width=\"30\" height=\"30\" srcset=\"https:\/\/augreduventalbi.com\/wp-content\/uploads\/2020\/11\/web-150x150.png 150w, https:\/\/augreduventalbi.com\/wp-content\/uploads\/2020\/11\/web-300x300.png 300w, https:\/\/augreduventalbi.com\/wp-content\/uploads\/2020\/11\/web.png 384w\" sizes=\"auto, (max-width: 30px) 100vw, 30px\" \/><\/a><a href=\"https:\/\/www.facebook.com\/brume.deterre\" target=\"_blank\" rel=\"noopener\"><img loading=\"lazy\" decoding=\"async\" class=\"alignleft wp-image-163\" src=\"http:\/\/augreduventalbi.com\/wp-content\/uploads\/2020\/11\/FB-cray-1-150x150.png\" alt=\"\" width=\"30\" height=\"31\" srcset=\"https:\/\/augreduventalbi.com\/wp-content\/uploads\/2020\/11\/FB-cray-1-150x150.png 150w, https:\/\/augreduventalbi.com\/wp-content\/uploads\/2020\/11\/FB-cray-1-292x300.png 292w, https:\/\/augreduventalbi.com\/wp-content\/uploads\/2020\/11\/FB-cray-1-995x1024.png 995w, https:\/\/augreduventalbi.com\/wp-content\/uploads\/2020\/11\/FB-cray-1-768x790.png 768w, https:\/\/augreduventalbi.com\/wp-content\/uploads\/2020\/11\/FB-cray-1.png 1320w\" sizes=\"auto, (max-width: 30px) 100vw, 30px\" \/><\/a><\/p><\/div><\/div><\/div><\/div><\/div><\/div>\n\t\t\t\t<\/div>\n\t\t\t\t<\/div>\n\t\t\t\t\t\t<\/div>\n\t\t\t\t\t<\/div>\n\t\t<\/div>\n\t\t\t\t\t\t\t\t<\/div>\n\t\t\t\t\t<\/div>\n\t\t<\/section>\n\t\t\t\t<section class=\"elementor-section elementor-top-section elementor-element elementor-element-2cd07ed elementor-section-boxed elementor-section-height-default elementor-section-height-default\" data-id=\"2cd07ed\" data-element_type=\"section\">\n\t\t\t\t\t\t<div class=\"elementor-container elementor-column-gap-default\">\n\t\t\t\t\t\t\t<div class=\"elementor-row\">\n\t\t\t\t\t<div class=\"elementor-column elementor-col-100 elementor-top-column elementor-element elementor-element-bc22c03\" data-id=\"bc22c03\" data-element_type=\"column\">\n\t\t\t<div class=\"elementor-column-wrap elementor-element-populated\">\n\t\t\t\t\t\t\t<div class=\"elementor-widget-wrap\">\n\t\t\t\t\t\t<div class=\"elementor-element elementor-element-a72bf3d elementor-widget elementor-widget-text-editor\" data-id=\"a72bf3d\" data-element_type=\"widget\" data-widget_type=\"text-editor.default\">\n\t\t\t\t<div class=\"elementor-widget-container\">\n\t\t\t\t\t<div class=\"elementor-text-editor elementor-clearfix\"><h3>D\u00e9couvrez l&rsquo;univers de Brume de Terre<\/h3><\/div>\n\t\t\t\t<\/div>\n\t\t\t\t<\/div>\n\t\t\t\t\t\t<\/div>\n\t\t\t\t\t<\/div>\n\t\t<\/div>\n\t\t\t\t\t\t\t\t<\/div>\n\t\t\t\t\t<\/div>\n\t\t<\/section>\n\t\t\t\t<section class=\"elementor-section elementor-top-section elementor-element elementor-element-67e0d2d elementor-section-boxed elementor-section-height-default elementor-section-height-default\" data-id=\"67e0d2d\" data-element_type=\"section\">\n\t\t\t\t\t\t<div class=\"elementor-container elementor-column-gap-default\">\n\t\t\t\t\t\t\t<div class=\"elementor-row\">\n\t\t\t\t\t<div class=\"elementor-column elementor-col-100 elementor-top-column elementor-element elementor-element-79aed60\" data-id=\"79aed60\" data-element_type=\"column\">\n\t\t\t<div class=\"elementor-column-wrap elementor-element-populated\">\n\t\t\t\t\t\t\t<div class=\"elementor-widget-wrap\">\n\t\t\t\t\t\t<div class=\"elementor-element elementor-element-ae86efd gallery-spacing-custom elementor-widget elementor-widget-image-gallery\" data-id=\"ae86efd\" data-element_type=\"widget\" data-widget_type=\"image-gallery.default\">\n\t\t\t\t<div class=\"elementor-widget-container\">\n\t\t\t\t\t<div class=\"elementor-image-gallery\">\n\t\t\t\n\t\t<style type=\"text\/css\">\n\t\t\t#gallery-1 {\n\t\t\t\tmargin: auto;\n\t\t\t}\n\t\t\t#gallery-1 .gallery-item {\n\t\t\t\tfloat: left;\n\t\t\t\tmargin-top: 10px;\n\t\t\t\ttext-align: center;\n\t\t\t\twidth: 25%;\n\t\t\t}\n\t\t\t#gallery-1 img {\n\t\t\t\tborder: 2px solid #cfcfcf;\n\t\t\t}\n\t\t\t#gallery-1 .gallery-caption {\n\t\t\t\tmargin-left: 0;\n\t\t\t}\n\t\t\t\/* see gallery_shortcode() in wp-includes\/media.php *\/\n\t\t<\/style>\n\t\t<div id='gallery-1' class='gallery galleryid-306 gallery-columns-4 gallery-size-thumbnail'><dl class='gallery-item'>\n\t\t\t<dt class='gallery-icon landscape'>\n\t\t\t\t<a data-elementor-open-lightbox=\"yes\" data-elementor-lightbox-slideshow=\"ae86efd\" href='https:\/\/augreduventalbi.com\/wp-content\/uploads\/2020\/11\/20200530_162809-scaled.jpg'><img loading=\"lazy\" decoding=\"async\" width=\"150\" height=\"150\" src=\"https:\/\/augreduventalbi.com\/wp-content\/uploads\/2020\/11\/20200530_162809-150x150.jpg\" class=\"attachment-thumbnail size-thumbnail\" alt=\"\" srcset=\"https:\/\/augreduventalbi.com\/wp-content\/uploads\/2020\/11\/20200530_162809-150x150.jpg 150w, https:\/\/augreduventalbi.com\/wp-content\/uploads\/2020\/11\/20200530_162809-300x300.jpg 300w, https:\/\/augreduventalbi.com\/wp-content\/uploads\/2020\/11\/20200530_162809-1024x1024.jpg 1024w, https:\/\/augreduventalbi.com\/wp-content\/uploads\/2020\/11\/20200530_162809-768x768.jpg 768w, https:\/\/augreduventalbi.com\/wp-content\/uploads\/2020\/11\/20200530_162809-1536x1536.jpg 1536w, https:\/\/augreduventalbi.com\/wp-content\/uploads\/2020\/11\/20200530_162809-2048x2048.jpg 2048w\" sizes=\"auto, (max-width: 150px) 100vw, 150px\" \/><\/a>\n\t\t\t<\/dt><\/dl><dl class='gallery-item'>\n\t\t\t<dt class='gallery-icon landscape'>\n\t\t\t\t<a data-elementor-open-lightbox=\"yes\" data-elementor-lightbox-slideshow=\"ae86efd\" href='https:\/\/augreduventalbi.com\/wp-content\/uploads\/2020\/11\/20201030_112631-scaled.jpg'><img loading=\"lazy\" decoding=\"async\" width=\"150\" height=\"150\" src=\"https:\/\/augreduventalbi.com\/wp-content\/uploads\/2020\/11\/20201030_112631-150x150.jpg\" class=\"attachment-thumbnail size-thumbnail\" alt=\"\" srcset=\"https:\/\/augreduventalbi.com\/wp-content\/uploads\/2020\/11\/20201030_112631-150x150.jpg 150w, https:\/\/augreduventalbi.com\/wp-content\/uploads\/2020\/11\/20201030_112631-300x300.jpg 300w, https:\/\/augreduventalbi.com\/wp-content\/uploads\/2020\/11\/20201030_112631-1024x1024.jpg 1024w, https:\/\/augreduventalbi.com\/wp-content\/uploads\/2020\/11\/20201030_112631-768x768.jpg 768w, https:\/\/augreduventalbi.com\/wp-content\/uploads\/2020\/11\/20201030_112631-1536x1536.jpg 1536w, https:\/\/augreduventalbi.com\/wp-content\/uploads\/2020\/11\/20201030_112631-2048x2048.jpg 2048w\" sizes=\"auto, (max-width: 150px) 100vw, 150px\" \/><\/a>\n\t\t\t<\/dt><\/dl><dl class='gallery-item'>\n\t\t\t<dt class='gallery-icon landscape'>\n\t\t\t\t<a data-elementor-open-lightbox=\"yes\" data-elementor-lightbox-slideshow=\"ae86efd\" href='https:\/\/augreduventalbi.com\/wp-content\/uploads\/2020\/11\/20201101_141839-scaled.jpg'><img loading=\"lazy\" decoding=\"async\" width=\"150\" height=\"150\" src=\"https:\/\/augreduventalbi.com\/wp-content\/uploads\/2020\/11\/20201101_141839-150x150.jpg\" class=\"attachment-thumbnail size-thumbnail\" alt=\"\" srcset=\"https:\/\/augreduventalbi.com\/wp-content\/uploads\/2020\/11\/20201101_141839-150x150.jpg 150w, https:\/\/augreduventalbi.com\/wp-content\/uploads\/2020\/11\/20201101_141839-300x300.jpg 300w, https:\/\/augreduventalbi.com\/wp-content\/uploads\/2020\/11\/20201101_141839-1024x1024.jpg 1024w, https:\/\/augreduventalbi.com\/wp-content\/uploads\/2020\/11\/20201101_141839-768x768.jpg 768w, https:\/\/augreduventalbi.com\/wp-content\/uploads\/2020\/11\/20201101_141839-1536x1536.jpg 1536w, https:\/\/augreduventalbi.com\/wp-content\/uploads\/2020\/11\/20201101_141839-2048x2048.jpg 2048w\" sizes=\"auto, (max-width: 150px) 100vw, 150px\" \/><\/a>\n\t\t\t<\/dt><\/dl><dl class='gallery-item'>\n\t\t\t<dt class='gallery-icon landscape'>\n\t\t\t\t<a data-elementor-open-lightbox=\"yes\" data-elementor-lightbox-slideshow=\"ae86efd\" href='https:\/\/augreduventalbi.com\/wp-content\/uploads\/2020\/11\/2020-02-06-16.00.52-scaled.jpg'><img loading=\"lazy\" decoding=\"async\" width=\"150\" height=\"150\" src=\"https:\/\/augreduventalbi.com\/wp-content\/uploads\/2020\/11\/2020-02-06-16.00.52-150x150.jpg\" class=\"attachment-thumbnail size-thumbnail\" alt=\"\" srcset=\"https:\/\/augreduventalbi.com\/wp-content\/uploads\/2020\/11\/2020-02-06-16.00.52-150x150.jpg 150w, https:\/\/augreduventalbi.com\/wp-content\/uploads\/2020\/11\/2020-02-06-16.00.52-300x300.jpg 300w, https:\/\/augreduventalbi.com\/wp-content\/uploads\/2020\/11\/2020-02-06-16.00.52-1024x1024.jpg 1024w, https:\/\/augreduventalbi.com\/wp-content\/uploads\/2020\/11\/2020-02-06-16.00.52-768x768.jpg 768w, https:\/\/augreduventalbi.com\/wp-content\/uploads\/2020\/11\/2020-02-06-16.00.52-1536x1536.jpg 1536w, https:\/\/augreduventalbi.com\/wp-content\/uploads\/2020\/11\/2020-02-06-16.00.52-2048x2048.jpg 2048w\" sizes=\"auto, (max-width: 150px) 100vw, 150px\" \/><\/a>\n\t\t\t<\/dt><\/dl><br style=\"clear: both\" \/>\n\t\t<\/div>\n\t\t<\/div>\n\t\t\t\t<\/div>\n\t\t\t\t<\/div>\n\t\t\t\t\t\t<\/div>\n\t\t\t\t\t<\/div>\n\t\t<\/div>\n\t\t\t\t\t\t\t\t<\/div>\n\t\t\t\t\t<\/div>\n\t\t<\/section>\n\t\t\t\t\t\t<\/div>\n\t\t\t\t\t\t<\/div>\n\t\t\t\t\t<\/div>\n\t\t","protected":false},"excerpt":{"rendered":"<p>Carole Brume de Terre Bijoux en cuivre et perles en c\u00e9ramiques Je cr\u00e9e des bijoux inspir\u00e9s, en utilisant les mati\u00e8res selon mes envies et mes besoins: cuivre, laiton, verre, c\u00e9ramique, \u00e9maux&#8230;. J&rsquo;aime m\u00e9langer les mati\u00e8res et donner un souffle de vie \u00e0 mes bijoux. \u00a0 \u00a0 Pour contacter Carole : brumedeterre@gmail.com06 61 72 34 58Lire la suite &rarr;<\/p>\n","protected":false},"author":1,"featured_media":0,"parent":0,"menu_order":0,"comment_status":"closed","ping_status":"closed","template":"","meta":{"footnotes":""},"class_list":["post-306","page","type-page","status-publish","hentry","no-thumb"],"_links":{"self":[{"href":"https:\/\/augreduventalbi.com\/index.php\/wp-json\/wp\/v2\/pages\/306","targetHints":{"allow":["GET"]}}],"collection":[{"href":"https:\/\/augreduventalbi.com\/index.php\/wp-json\/wp\/v2\/pages"}],"about":[{"href":"https:\/\/augreduventalbi.com\/index.php\/wp-json\/wp\/v2\/types\/page"}],"author":[{"embeddable":true,"href":"https:\/\/augreduventalbi.com\/index.php\/wp-json\/wp\/v2\/users\/1"}],"replies":[{"embeddable":true,"href":"https:\/\/augreduventalbi.com\/index.php\/wp-json\/wp\/v2\/comments?post=306"}],"version-history":[{"count":10,"href":"https:\/\/augreduventalbi.com\/index.php\/wp-json\/wp\/v2\/pages\/306\/revisions"}],"predecessor-version":[{"id":1643,"href":"https:\/\/augreduventalbi.com\/index.php\/wp-json\/wp\/v2\/pages\/306\/revisions\/1643"}],"wp:attachment":[{"href":"https:\/\/augreduventalbi.com\/index.php\/wp-json\/wp\/v2\/media?parent=306"}],"curies":[{"name":"wp","href":"https:\/\/api.w.org\/{rel}","templated":true}]}}