{"id":2,"date":"2020-11-08T19:10:20","date_gmt":"2020-11-08T18:10:20","guid":{"rendered":"http:\/\/augreduventalbi.com\/?page_id=2"},"modified":"2026-04-06T16:22:13","modified_gmt":"2026-04-06T14:22:13","slug":"accueil","status":"publish","type":"page","link":"https:\/\/augreduventalbi.com\/","title":{"rendered":""},"content":{"rendered":"\t\t<div data-elementor-type=\"wp-page\" data-elementor-id=\"2\" class=\"elementor elementor-2\" data-elementor-settings=\"[]\">\n\t\t\t\t\t\t<div class=\"elementor-inner\">\n\t\t\t\t\t\t\t<div class=\"elementor-section-wrap\">\n\t\t\t\t\t\t\t<section class=\"elementor-section elementor-top-section elementor-element elementor-element-fb352c9 elementor-section-boxed elementor-section-height-default elementor-section-height-default\" data-id=\"fb352c9\" data-element_type=\"section\">\n\t\t\t\t\t\t<div class=\"elementor-container elementor-column-gap-default\">\n\t\t\t\t\t\t\t<div class=\"elementor-row\">\n\t\t\t\t\t<div class=\"elementor-column elementor-col-100 elementor-top-column elementor-element elementor-element-09248c4\" data-id=\"09248c4\" data-element_type=\"column\">\n\t\t\t<div class=\"elementor-column-wrap elementor-element-populated\">\n\t\t\t\t\t\t\t<div class=\"elementor-widget-wrap\">\n\t\t\t\t\t\t<div class=\"elementor-element elementor-element-996bfab elementor-widget elementor-widget-text-editor\" data-id=\"996bfab\" data-element_type=\"widget\" data-widget_type=\"text-editor.default\">\n\t\t\t\t<div class=\"elementor-widget-container\">\n\t\t\t\t\t<div class=\"elementor-text-editor elementor-clearfix\"><\/div>\n\t\t\t\t<\/div>\n\t\t\t\t<\/div>\n\t\t\t\t\t\t<\/div>\n\t\t\t\t\t<\/div>\n\t\t<\/div>\n\t\t\t\t\t\t\t\t<\/div>\n\t\t\t\t\t<\/div>\n\t\t<\/section>\n\t\t\t\t<section class=\"elementor-section elementor-top-section elementor-element elementor-element-f81826c elementor-section-boxed elementor-section-height-default elementor-section-height-default\" data-id=\"f81826c\" data-element_type=\"section\">\n\t\t\t\t\t\t<div class=\"elementor-container elementor-column-gap-default\">\n\t\t\t\t\t\t\t<div class=\"elementor-row\">\n\t\t\t\t\t<div class=\"elementor-column elementor-col-50 elementor-top-column elementor-element elementor-element-1cccd9d\" data-id=\"1cccd9d\" data-element_type=\"column\">\n\t\t\t<div class=\"elementor-column-wrap elementor-element-populated\">\n\t\t\t\t\t\t\t<div class=\"elementor-widget-wrap\">\n\t\t\t\t\t\t<div class=\"elementor-element elementor-element-b811bae elementor-widget elementor-widget-image\" data-id=\"b811bae\" data-element_type=\"widget\" data-widget_type=\"image.default\">\n\t\t\t\t<div class=\"elementor-widget-container\">\n\t\t\t\t\t<div class=\"elementor-image\">\n\t\t\t\t\t\t\t\t\t\t<img loading=\"lazy\" decoding=\"async\" width=\"2560\" height=\"1615\" src=\"https:\/\/augreduventalbi.com\/wp-content\/uploads\/2025\/06\/1748868161512_v2-scaled.jpg\" class=\"attachment-full size-full\" alt=\"\" srcset=\"https:\/\/augreduventalbi.com\/wp-content\/uploads\/2025\/06\/1748868161512_v2-scaled.jpg 2560w, https:\/\/augreduventalbi.com\/wp-content\/uploads\/2025\/06\/1748868161512_v2-300x189.jpg 300w, https:\/\/augreduventalbi.com\/wp-content\/uploads\/2025\/06\/1748868161512_v2-1024x646.jpg 1024w, https:\/\/augreduventalbi.com\/wp-content\/uploads\/2025\/06\/1748868161512_v2-768x485.jpg 768w, https:\/\/augreduventalbi.com\/wp-content\/uploads\/2025\/06\/1748868161512_v2-1536x969.jpg 1536w, https:\/\/augreduventalbi.com\/wp-content\/uploads\/2025\/06\/1748868161512_v2-2048x1292.jpg 2048w\" sizes=\"auto, (max-width: 2560px) 100vw, 2560px\" \/>\t\t\t\t\t\t\t\t\t\t\t<\/div>\n\t\t\t\t<\/div>\n\t\t\t\t<\/div>\n\t\t\t\t\t\t<\/div>\n\t\t\t\t\t<\/div>\n\t\t<\/div>\n\t\t\t\t<div class=\"elementor-column elementor-col-50 elementor-top-column elementor-element elementor-element-5e35c976\" data-id=\"5e35c976\" data-element_type=\"column\">\n\t\t\t<div class=\"elementor-column-wrap elementor-element-populated\">\n\t\t\t\t\t\t\t<div class=\"elementor-widget-wrap\">\n\t\t\t\t\t\t<div class=\"elementor-element elementor-element-d5a7689 elementor-widget elementor-widget-text-editor\" data-id=\"d5a7689\" data-element_type=\"widget\" data-widget_type=\"text-editor.default\">\n\t\t\t\t<div class=\"elementor-widget-container\">\n\t\t\t\t\t<div class=\"elementor-text-editor elementor-clearfix\"><p align=\"center\">La boutique de Cr\u00e9ateurs Au gr\u00e9 du Vent<br \/>rassemble 13 cr\u00e9ateurs de la r\u00e9gion,<br \/>qui vous accueillent du mardi au samedi<br \/>de 10h \u00e0 19h, en plein c\u0153ur du vieil Albi.<\/p><h6 align=\"center\">\u00a0<\/h6><p align=\"center\"><strong>Pour contacter les cr\u00e9ateurs,<br \/>retrouvez leurs coordonn\u00e9es sur leur page respective.<\/strong><\/p><h6 align=\"center\">\u00a0<\/h6><p align=\"center\">Pour suivre les actualit\u00e9s de la boutique :<\/p><h6 align=\"center\"><strong><a href=\"https:\/\/www.facebook.com\/boutiqueaugreduventalbi\" target=\"_blank\" rel=\"noopener\"><img loading=\"lazy\" decoding=\"async\" class=\"alignnone wp-image-163\" src=\"http:\/\/augreduventalbi.com\/wp-content\/uploads\/2020\/11\/FB-cray-1-150x150.png\" alt=\"\" width=\"25\" height=\"26\" srcset=\"https:\/\/augreduventalbi.com\/wp-content\/uploads\/2020\/11\/FB-cray-1-150x150.png 150w, https:\/\/augreduventalbi.com\/wp-content\/uploads\/2020\/11\/FB-cray-1-292x300.png 292w, https:\/\/augreduventalbi.com\/wp-content\/uploads\/2020\/11\/FB-cray-1-995x1024.png 995w, https:\/\/augreduventalbi.com\/wp-content\/uploads\/2020\/11\/FB-cray-1-768x790.png 768w, https:\/\/augreduventalbi.com\/wp-content\/uploads\/2020\/11\/FB-cray-1.png 1320w\" sizes=\"auto, (max-width: 25px) 100vw, 25px\" \/><\/a> \u00a0 \u00a0 <a href=\"https:\/\/www.instagram.com\/augreduvent_albi\/\" target=\"_blank\" rel=\"noopener\"><img loading=\"lazy\" decoding=\"async\" class=\"alignnone wp-image-161\" src=\"http:\/\/augreduventalbi.com\/wp-content\/uploads\/2020\/11\/insta-150x150.png\" alt=\"\" width=\"25\" height=\"25\" srcset=\"https:\/\/augreduventalbi.com\/wp-content\/uploads\/2020\/11\/insta-150x150.png 150w, https:\/\/augreduventalbi.com\/wp-content\/uploads\/2020\/11\/insta-300x300.png 300w, https:\/\/augreduventalbi.com\/wp-content\/uploads\/2020\/11\/insta-1024x1024.png 1024w, https:\/\/augreduventalbi.com\/wp-content\/uploads\/2020\/11\/insta-768x769.png 768w, https:\/\/augreduventalbi.com\/wp-content\/uploads\/2020\/11\/insta.png 1319w\" sizes=\"auto, (max-width: 25px) 100vw, 25px\" \/><\/a><\/strong><\/h6><\/div>\n\t\t\t\t<\/div>\n\t\t\t\t<\/div>\n\t\t\t\t\t\t<\/div>\n\t\t\t\t\t<\/div>\n\t\t<\/div>\n\t\t\t\t\t\t\t\t<\/div>\n\t\t\t\t\t<\/div>\n\t\t<\/section>\n\t\t\t\t<section class=\"elementor-section elementor-top-section elementor-element elementor-element-e9c77f3 elementor-section-boxed elementor-section-height-default elementor-section-height-default\" data-id=\"e9c77f3\" data-element_type=\"section\">\n\t\t\t\t\t\t<div class=\"elementor-container elementor-column-gap-default\">\n\t\t\t\t\t\t\t<div class=\"elementor-row\">\n\t\t\t\t\t<div class=\"elementor-column elementor-col-100 elementor-top-column elementor-element elementor-element-53af868\" data-id=\"53af868\" data-element_type=\"column\">\n\t\t\t<div class=\"elementor-column-wrap elementor-element-populated\">\n\t\t\t\t\t\t\t<div class=\"elementor-widget-wrap\">\n\t\t\t\t\t\t<div class=\"elementor-element elementor-element-86bd16f elementor-widget-divider--view-line elementor-widget elementor-widget-divider\" data-id=\"86bd16f\" data-element_type=\"widget\" data-widget_type=\"divider.default\">\n\t\t\t\t<div class=\"elementor-widget-container\">\n\t\t\t\t\t<div class=\"elementor-divider\">\n\t\t\t<span class=\"elementor-divider-separator\">\n\t\t\t\t\t\t<\/span>\n\t\t<\/div>\n\t\t\t\t<\/div>\n\t\t\t\t<\/div>\n\t\t\t\t\t\t<\/div>\n\t\t\t\t\t<\/div>\n\t\t<\/div>\n\t\t\t\t\t\t\t\t<\/div>\n\t\t\t\t\t<\/div>\n\t\t<\/section>\n\t\t\t\t<section class=\"elementor-section elementor-top-section elementor-element elementor-element-cdc5817 elementor-section-boxed elementor-section-height-default elementor-section-height-default\" data-id=\"cdc5817\" data-element_type=\"section\">\n\t\t\t\t\t\t<div class=\"elementor-container elementor-column-gap-default\">\n\t\t\t\t\t\t\t<div class=\"elementor-row\">\n\t\t\t\t\t<div class=\"elementor-column elementor-col-100 elementor-top-column elementor-element elementor-element-e0c9285\" data-id=\"e0c9285\" data-element_type=\"column\">\n\t\t\t<div class=\"elementor-column-wrap elementor-element-populated\">\n\t\t\t\t\t\t\t<div class=\"elementor-widget-wrap\">\n\t\t\t\t\t\t<div class=\"elementor-element elementor-element-4004651 elementor-widget elementor-widget-text-editor\" data-id=\"4004651\" data-element_type=\"widget\" data-widget_type=\"text-editor.default\">\n\t\t\t\t<div class=\"elementor-widget-container\">\n\t\t\t\t\t<div class=\"elementor-text-editor elementor-clearfix\"><h1>En av<strong>ril,<\/strong><\/h1><p>on d\u00e9couvre l&rsquo;association du bois et de la r\u00e9sine avec les objets color\u00e9s de <a href=\"https:\/\/www.instagram.com\/kraft_bois_epoxy\/\" target=\"_blank\" rel=\"noopener\">K-raft<\/a> !<\/p><\/div>\n\t\t\t\t<\/div>\n\t\t\t\t<\/div>\n\t\t\t\t\t\t<\/div>\n\t\t\t\t\t<\/div>\n\t\t<\/div>\n\t\t\t\t\t\t\t\t<\/div>\n\t\t\t\t\t<\/div>\n\t\t<\/section>\n\t\t\t\t<section class=\"elementor-section elementor-top-section elementor-element elementor-element-e9393b8 elementor-section-boxed elementor-section-height-default elementor-section-height-default\" data-id=\"e9393b8\" data-element_type=\"section\">\n\t\t\t\t\t\t<div class=\"elementor-container elementor-column-gap-default\">\n\t\t\t\t\t\t\t<div class=\"elementor-row\">\n\t\t\t\t\t<div class=\"elementor-column elementor-col-50 elementor-top-column elementor-element elementor-element-d8d68a9\" data-id=\"d8d68a9\" data-element_type=\"column\">\n\t\t\t<div class=\"elementor-column-wrap elementor-element-populated\">\n\t\t\t\t\t\t\t<div class=\"elementor-widget-wrap\">\n\t\t\t\t\t\t<div class=\"elementor-element elementor-element-b15c3c8 elementor-widget elementor-widget-image\" data-id=\"b15c3c8\" data-element_type=\"widget\" data-widget_type=\"image.default\">\n\t\t\t\t<div class=\"elementor-widget-container\">\n\t\t\t\t\t<div class=\"elementor-image\">\n\t\t\t\t\t\t\t\t\t\t<img loading=\"lazy\" decoding=\"async\" width=\"1024\" height=\"1024\" src=\"https:\/\/augreduventalbi.com\/wp-content\/uploads\/2026\/04\/463462438_17948375645854524_6615269366652139788_n-1024x1024.webp\" class=\"attachment-large size-large\" alt=\"\" srcset=\"https:\/\/augreduventalbi.com\/wp-content\/uploads\/2026\/04\/463462438_17948375645854524_6615269366652139788_n-1024x1024.webp 1024w, https:\/\/augreduventalbi.com\/wp-content\/uploads\/2026\/04\/463462438_17948375645854524_6615269366652139788_n-300x300.webp 300w, https:\/\/augreduventalbi.com\/wp-content\/uploads\/2026\/04\/463462438_17948375645854524_6615269366652139788_n-150x150.webp 150w, https:\/\/augreduventalbi.com\/wp-content\/uploads\/2026\/04\/463462438_17948375645854524_6615269366652139788_n-768x768.webp 768w, https:\/\/augreduventalbi.com\/wp-content\/uploads\/2026\/04\/463462438_17948375645854524_6615269366652139788_n.webp 1440w\" sizes=\"auto, (max-width: 1024px) 100vw, 1024px\" \/>\t\t\t\t\t\t\t\t\t\t\t<\/div>\n\t\t\t\t<\/div>\n\t\t\t\t<\/div>\n\t\t\t\t\t\t<\/div>\n\t\t\t\t\t<\/div>\n\t\t<\/div>\n\t\t\t\t<div class=\"elementor-column elementor-col-50 elementor-top-column elementor-element elementor-element-dc530fc\" data-id=\"dc530fc\" data-element_type=\"column\">\n\t\t\t<div class=\"elementor-column-wrap elementor-element-populated\">\n\t\t\t\t\t\t\t<div class=\"elementor-widget-wrap\">\n\t\t\t\t\t\t<div class=\"elementor-element elementor-element-80685ab elementor-widget elementor-widget-image\" data-id=\"80685ab\" data-element_type=\"widget\" data-widget_type=\"image.default\">\n\t\t\t\t<div class=\"elementor-widget-container\">\n\t\t\t\t\t<div class=\"elementor-image\">\n\t\t\t\t\t\t\t\t\t\t<img loading=\"lazy\" decoding=\"async\" width=\"907\" height=\"895\" src=\"https:\/\/augreduventalbi.com\/wp-content\/uploads\/2026\/04\/625194047_18128676166525066_4886862303978827830_n.jpg\" class=\"attachment-large size-large\" alt=\"\" srcset=\"https:\/\/augreduventalbi.com\/wp-content\/uploads\/2026\/04\/625194047_18128676166525066_4886862303978827830_n.jpg 907w, https:\/\/augreduventalbi.com\/wp-content\/uploads\/2026\/04\/625194047_18128676166525066_4886862303978827830_n-300x296.jpg 300w, https:\/\/augreduventalbi.com\/wp-content\/uploads\/2026\/04\/625194047_18128676166525066_4886862303978827830_n-768x758.jpg 768w\" sizes=\"auto, (max-width: 907px) 100vw, 907px\" \/>\t\t\t\t\t\t\t\t\t\t\t<\/div>\n\t\t\t\t<\/div>\n\t\t\t\t<\/div>\n\t\t\t\t\t\t<\/div>\n\t\t\t\t\t<\/div>\n\t\t<\/div>\n\t\t\t\t\t\t\t\t<\/div>\n\t\t\t\t\t<\/div>\n\t\t<\/section>\n\t\t\t\t<section class=\"elementor-section elementor-top-section elementor-element elementor-element-251d9bb elementor-section-boxed elementor-section-height-default elementor-section-height-default\" data-id=\"251d9bb\" data-element_type=\"section\">\n\t\t\t\t\t\t<div class=\"elementor-container elementor-column-gap-default\">\n\t\t\t\t\t\t\t<div class=\"elementor-row\">\n\t\t\t\t\t<div class=\"elementor-column elementor-col-50 elementor-top-column elementor-element elementor-element-b820cc5\" data-id=\"b820cc5\" data-element_type=\"column\">\n\t\t\t<div class=\"elementor-column-wrap elementor-element-populated\">\n\t\t\t\t\t\t\t<div class=\"elementor-widget-wrap\">\n\t\t\t\t\t\t<div class=\"elementor-element elementor-element-3145037 elementor-widget elementor-widget-image\" data-id=\"3145037\" data-element_type=\"widget\" data-widget_type=\"image.default\">\n\t\t\t\t<div class=\"elementor-widget-container\">\n\t\t\t\t\t<div class=\"elementor-image\">\n\t\t\t\t\t\t\t\t\t\t<img loading=\"lazy\" decoding=\"async\" width=\"1024\" height=\"1024\" src=\"https:\/\/augreduventalbi.com\/wp-content\/uploads\/2026\/04\/612441702_1497982572335233_136835136586694995_n.jpg\" class=\"attachment-large size-large\" alt=\"\" srcset=\"https:\/\/augreduventalbi.com\/wp-content\/uploads\/2026\/04\/612441702_1497982572335233_136835136586694995_n.jpg 1024w, https:\/\/augreduventalbi.com\/wp-content\/uploads\/2026\/04\/612441702_1497982572335233_136835136586694995_n-300x300.jpg 300w, https:\/\/augreduventalbi.com\/wp-content\/uploads\/2026\/04\/612441702_1497982572335233_136835136586694995_n-150x150.jpg 150w, https:\/\/augreduventalbi.com\/wp-content\/uploads\/2026\/04\/612441702_1497982572335233_136835136586694995_n-768x768.jpg 768w\" sizes=\"auto, (max-width: 1024px) 100vw, 1024px\" \/>\t\t\t\t\t\t\t\t\t\t\t<\/div>\n\t\t\t\t<\/div>\n\t\t\t\t<\/div>\n\t\t\t\t\t\t<\/div>\n\t\t\t\t\t<\/div>\n\t\t<\/div>\n\t\t\t\t<div class=\"elementor-column elementor-col-50 elementor-top-column elementor-element elementor-element-abc1e2f\" data-id=\"abc1e2f\" data-element_type=\"column\">\n\t\t\t<div class=\"elementor-column-wrap elementor-element-populated\">\n\t\t\t\t\t\t\t<div class=\"elementor-widget-wrap\">\n\t\t\t\t\t\t<div class=\"elementor-element elementor-element-3de260e elementor-widget elementor-widget-image\" data-id=\"3de260e\" data-element_type=\"widget\" data-widget_type=\"image.default\">\n\t\t\t\t<div class=\"elementor-widget-container\">\n\t\t\t\t\t<div class=\"elementor-image\">\n\t\t\t\t\t\t\t\t\t\t<img loading=\"lazy\" decoding=\"async\" width=\"926\" height=\"1024\" src=\"https:\/\/augreduventalbi.com\/wp-content\/uploads\/2026\/04\/625122431_18063597167289032_7373759632872032763_n-926x1024.jpg\" class=\"attachment-large size-large\" alt=\"\" srcset=\"https:\/\/augreduventalbi.com\/wp-content\/uploads\/2026\/04\/625122431_18063597167289032_7373759632872032763_n-926x1024.jpg 926w, https:\/\/augreduventalbi.com\/wp-content\/uploads\/2026\/04\/625122431_18063597167289032_7373759632872032763_n-271x300.jpg 271w, https:\/\/augreduventalbi.com\/wp-content\/uploads\/2026\/04\/625122431_18063597167289032_7373759632872032763_n-768x849.jpg 768w, https:\/\/augreduventalbi.com\/wp-content\/uploads\/2026\/04\/625122431_18063597167289032_7373759632872032763_n-1389x1536.jpg 1389w, https:\/\/augreduventalbi.com\/wp-content\/uploads\/2026\/04\/625122431_18063597167289032_7373759632872032763_n.jpg 1416w\" sizes=\"auto, (max-width: 926px) 100vw, 926px\" \/>\t\t\t\t\t\t\t\t\t\t\t<\/div>\n\t\t\t\t<\/div>\n\t\t\t\t<\/div>\n\t\t\t\t\t\t<\/div>\n\t\t\t\t\t<\/div>\n\t\t<\/div>\n\t\t\t\t\t\t\t\t<\/div>\n\t\t\t\t\t<\/div>\n\t\t<\/section>\n\t\t\t\t\t\t<\/div>\n\t\t\t\t\t\t<\/div>\n\t\t\t\t\t<\/div>\n\t\t","protected":false},"excerpt":{"rendered":"<p>La boutique de Cr\u00e9ateurs Au gr\u00e9 du Ventrassemble 13 cr\u00e9ateurs de la r\u00e9gion,qui vous accueillent du mardi au samedide 10h \u00e0 19h, en plein c\u0153ur du vieil Albi. \u00a0 Pour contacter les cr\u00e9ateurs,retrouvez leurs coordonn\u00e9es sur leur page respective. \u00a0 Pour suivre les actualit\u00e9s de la boutique : \u00a0 \u00a0 En avril, on d\u00e9couvre l&rsquo;associationLire la suite &rarr;<\/p>\n","protected":false},"author":1,"featured_media":0,"parent":0,"menu_order":0,"comment_status":"closed","ping_status":"closed","template":"","meta":{"footnotes":""},"class_list":["post-2","page","type-page","status-publish","hentry","no-thumb"],"_links":{"self":[{"href":"https:\/\/augreduventalbi.com\/index.php\/wp-json\/wp\/v2\/pages\/2","targetHints":{"allow":["GET"]}}],"collection":[{"href":"https:\/\/augreduventalbi.com\/index.php\/wp-json\/wp\/v2\/pages"}],"about":[{"href":"https:\/\/augreduventalbi.com\/index.php\/wp-json\/wp\/v2\/types\/page"}],"author":[{"embeddable":true,"href":"https:\/\/augreduventalbi.com\/index.php\/wp-json\/wp\/v2\/users\/1"}],"replies":[{"embeddable":true,"href":"https:\/\/augreduventalbi.com\/index.php\/wp-json\/wp\/v2\/comments?post=2"}],"version-history":[{"count":356,"href":"https:\/\/augreduventalbi.com\/index.php\/wp-json\/wp\/v2\/pages\/2\/revisions"}],"predecessor-version":[{"id":2010,"href":"https:\/\/augreduventalbi.com\/index.php\/wp-json\/wp\/v2\/pages\/2\/revisions\/2010"}],"wp:attachment":[{"href":"https:\/\/augreduventalbi.com\/index.php\/wp-json\/wp\/v2\/media?parent=2"}],"curies":[{"name":"wp","href":"https:\/\/api.w.org\/{rel}","templated":true}]}}