{"id":1619,"date":"2024-11-04T11:28:57","date_gmt":"2024-11-04T10:28:57","guid":{"rendered":"https:\/\/augreduventalbi.com\/?page_id=1619"},"modified":"2024-12-31T15:10:03","modified_gmt":"2024-12-31T14:10:03","slug":"atelier-cabosse","status":"publish","type":"page","link":"https:\/\/augreduventalbi.com\/index.php\/atelier-cabosse\/","title":{"rendered":"Atelier Cabosse"},"content":{"rendered":"\t\t<div data-elementor-type=\"wp-page\" data-elementor-id=\"1619\" class=\"elementor elementor-1619\" data-elementor-settings=\"[]\">\n\t\t\t\t\t\t<div class=\"elementor-inner\">\n\t\t\t\t\t\t\t<div class=\"elementor-section-wrap\">\n\t\t\t\t\t\t\t<section class=\"elementor-section elementor-top-section elementor-element elementor-element-fede180 elementor-section-boxed elementor-section-height-default elementor-section-height-default\" data-id=\"fede180\" data-element_type=\"section\">\n\t\t\t\t\t\t<div class=\"elementor-container elementor-column-gap-default\">\n\t\t\t\t\t\t\t<div class=\"elementor-row\">\n\t\t\t\t\t<div class=\"elementor-column elementor-col-33 elementor-top-column elementor-element elementor-element-b631665\" data-id=\"b631665\" data-element_type=\"column\">\n\t\t\t<div class=\"elementor-column-wrap elementor-element-populated\">\n\t\t\t\t\t\t\t<div class=\"elementor-widget-wrap\">\n\t\t\t\t\t\t<div class=\"elementor-element elementor-element-bd3172f elementor-widget elementor-widget-image\" data-id=\"bd3172f\" data-element_type=\"widget\" data-widget_type=\"image.default\">\n\t\t\t\t<div class=\"elementor-widget-container\">\n\t\t\t\t\t<div class=\"elementor-image\">\n\t\t\t\t\t\t\t\t\t\t<img loading=\"lazy\" decoding=\"async\" width=\"768\" height=\"1024\" src=\"https:\/\/augreduventalbi.com\/wp-content\/uploads\/2024\/11\/bolsnoirs-ateliercabosse_NB-768x1024.jpg\" class=\"attachment-large size-large\" alt=\"\" srcset=\"https:\/\/augreduventalbi.com\/wp-content\/uploads\/2024\/11\/bolsnoirs-ateliercabosse_NB-768x1024.jpg 768w, https:\/\/augreduventalbi.com\/wp-content\/uploads\/2024\/11\/bolsnoirs-ateliercabosse_NB-225x300.jpg 225w, https:\/\/augreduventalbi.com\/wp-content\/uploads\/2024\/11\/bolsnoirs-ateliercabosse_NB-1152x1536.jpg 1152w, https:\/\/augreduventalbi.com\/wp-content\/uploads\/2024\/11\/bolsnoirs-ateliercabosse_NB.jpg 1500w\" sizes=\"auto, (max-width: 768px) 100vw, 768px\" \/>\t\t\t\t\t\t\t\t\t\t\t<\/div>\n\t\t\t\t<\/div>\n\t\t\t\t<\/div>\n\t\t\t\t\t\t<\/div>\n\t\t\t\t\t<\/div>\n\t\t<\/div>\n\t\t\t\t<div class=\"elementor-column elementor-col-66 elementor-top-column elementor-element elementor-element-da2169e\" data-id=\"da2169e\" data-element_type=\"column\">\n\t\t\t<div class=\"elementor-column-wrap elementor-element-populated\">\n\t\t\t\t\t\t\t<div class=\"elementor-widget-wrap\">\n\t\t\t\t\t\t<div class=\"elementor-element elementor-element-9b5d3da elementor-widget elementor-widget-text-editor\" data-id=\"9b5d3da\" data-element_type=\"widget\" data-widget_type=\"text-editor.default\">\n\t\t\t\t<div class=\"elementor-widget-container\">\n\t\t\t\t\t<div class=\"elementor-text-editor elementor-clearfix\"><h5>Alice<\/h5><h2>Atelier Cabosse<\/h2><div><div><div><div dir=\"auto\">Tourneur et sculptrice sur bois, nous proposons des objets pour la maison en bois tourn\u00e9s et\/ou sculpt\u00e9s &#8211; bois provenant de notre for\u00eat, arbres tomb\u00e9s d&rsquo;eux m\u00eames uniquement &#8211; pi\u00e8ces uniques ou tr\u00e8s petites s\u00e9ries.<\/div><div dir=\"auto\"><div dir=\"auto\"><p><strong>\u00a0<\/strong><\/p><h5><strong>Pour contacter Alice :<\/strong><\/h5><p>ateliercabosse@yahoo.com<\/p><h5><a href=\"https:\/\/www.instagram.com\/ateliercabosse\/\" target=\"_blank\" rel=\"noopener\"><img loading=\"lazy\" decoding=\"async\" class=\"alignnone wp-image-161\" src=\"http:\/\/augreduventalbi.com\/wp-content\/uploads\/2020\/11\/insta-150x150.png\" alt=\"\" width=\"30\" height=\"30\" srcset=\"https:\/\/augreduventalbi.com\/wp-content\/uploads\/2020\/11\/insta-150x150.png 150w, https:\/\/augreduventalbi.com\/wp-content\/uploads\/2020\/11\/insta-300x300.png 300w, https:\/\/augreduventalbi.com\/wp-content\/uploads\/2020\/11\/insta-1024x1024.png 1024w, https:\/\/augreduventalbi.com\/wp-content\/uploads\/2020\/11\/insta-768x769.png 768w, https:\/\/augreduventalbi.com\/wp-content\/uploads\/2020\/11\/insta.png 1319w\" sizes=\"auto, (max-width: 30px) 100vw, 30px\" \/><\/a><\/h5><\/div><\/div><\/div><\/div><\/div><\/div>\n\t\t\t\t<\/div>\n\t\t\t\t<\/div>\n\t\t\t\t\t\t<\/div>\n\t\t\t\t\t<\/div>\n\t\t<\/div>\n\t\t\t\t\t\t\t\t<\/div>\n\t\t\t\t\t<\/div>\n\t\t<\/section>\n\t\t\t\t<section class=\"elementor-section elementor-top-section elementor-element elementor-element-b8b4d3b elementor-section-boxed elementor-section-height-default elementor-section-height-default\" data-id=\"b8b4d3b\" data-element_type=\"section\">\n\t\t\t\t\t\t<div class=\"elementor-container elementor-column-gap-default\">\n\t\t\t\t\t\t\t<div class=\"elementor-row\">\n\t\t\t\t\t<div class=\"elementor-column elementor-col-100 elementor-top-column elementor-element elementor-element-14d78fd\" data-id=\"14d78fd\" data-element_type=\"column\">\n\t\t\t<div class=\"elementor-column-wrap elementor-element-populated\">\n\t\t\t\t\t\t\t<div class=\"elementor-widget-wrap\">\n\t\t\t\t\t\t<div class=\"elementor-element elementor-element-63d73d7 elementor-widget elementor-widget-text-editor\" data-id=\"63d73d7\" data-element_type=\"widget\" data-widget_type=\"text-editor.default\">\n\t\t\t\t<div class=\"elementor-widget-container\">\n\t\t\t\t\t<div class=\"elementor-text-editor elementor-clearfix\"><h3>D\u00e9couvrez l&rsquo;univers de l&rsquo;atelier Cabosse<\/h3><\/div>\n\t\t\t\t<\/div>\n\t\t\t\t<\/div>\n\t\t\t\t\t\t<\/div>\n\t\t\t\t\t<\/div>\n\t\t<\/div>\n\t\t\t\t\t\t\t\t<\/div>\n\t\t\t\t\t<\/div>\n\t\t<\/section>\n\t\t\t\t<section class=\"elementor-section elementor-top-section elementor-element elementor-element-c4b6eee elementor-section-boxed elementor-section-height-default elementor-section-height-default\" data-id=\"c4b6eee\" data-element_type=\"section\">\n\t\t\t\t\t\t<div class=\"elementor-container elementor-column-gap-default\">\n\t\t\t\t\t\t\t<div class=\"elementor-row\">\n\t\t\t\t\t<div class=\"elementor-column elementor-col-100 elementor-top-column elementor-element elementor-element-f4b3543\" data-id=\"f4b3543\" data-element_type=\"column\">\n\t\t\t<div class=\"elementor-column-wrap elementor-element-populated\">\n\t\t\t\t\t\t\t<div class=\"elementor-widget-wrap\">\n\t\t\t\t\t\t<div class=\"elementor-element elementor-element-a1e8de9 gallery-spacing-custom elementor-widget elementor-widget-image-gallery\" data-id=\"a1e8de9\" data-element_type=\"widget\" data-widget_type=\"image-gallery.default\">\n\t\t\t\t<div class=\"elementor-widget-container\">\n\t\t\t\t\t<div class=\"elementor-image-gallery\">\n\t\t\t\n\t\t<style type=\"text\/css\">\n\t\t\t#gallery-1 {\n\t\t\t\tmargin: auto;\n\t\t\t}\n\t\t\t#gallery-1 .gallery-item {\n\t\t\t\tfloat: left;\n\t\t\t\tmargin-top: 10px;\n\t\t\t\ttext-align: center;\n\t\t\t\twidth: 25%;\n\t\t\t}\n\t\t\t#gallery-1 img {\n\t\t\t\tborder: 2px solid #cfcfcf;\n\t\t\t}\n\t\t\t#gallery-1 .gallery-caption {\n\t\t\t\tmargin-left: 0;\n\t\t\t}\n\t\t\t\/* see gallery_shortcode() in wp-includes\/media.php *\/\n\t\t<\/style>\n\t\t<div id='gallery-1' class='gallery galleryid-1619 gallery-columns-4 gallery-size-thumbnail'><dl class='gallery-item'>\n\t\t\t<dt class='gallery-icon portrait'>\n\t\t\t\t<a data-elementor-open-lightbox=\"yes\" data-elementor-lightbox-slideshow=\"a1e8de9\" href='https:\/\/augreduventalbi.com\/wp-content\/uploads\/2024\/11\/PXL_20240411_152118267-scaled.jpg'><img loading=\"lazy\" decoding=\"async\" width=\"150\" height=\"150\" src=\"https:\/\/augreduventalbi.com\/wp-content\/uploads\/2024\/11\/PXL_20240411_152118267-150x150.jpg\" class=\"attachment-thumbnail size-thumbnail\" alt=\"\" \/><\/a>\n\t\t\t<\/dt><\/dl><dl class='gallery-item'>\n\t\t\t<dt class='gallery-icon portrait'>\n\t\t\t\t<a data-elementor-open-lightbox=\"yes\" data-elementor-lightbox-slideshow=\"a1e8de9\" href='https:\/\/augreduventalbi.com\/wp-content\/uploads\/2024\/11\/PXL_20240309_142622545-scaled.jpg'><img loading=\"lazy\" decoding=\"async\" width=\"150\" height=\"150\" src=\"https:\/\/augreduventalbi.com\/wp-content\/uploads\/2024\/11\/PXL_20240309_142622545-150x150.jpg\" class=\"attachment-thumbnail size-thumbnail\" alt=\"\" \/><\/a>\n\t\t\t<\/dt><\/dl><dl class='gallery-item'>\n\t\t\t<dt class='gallery-icon portrait'>\n\t\t\t\t<a data-elementor-open-lightbox=\"yes\" data-elementor-lightbox-slideshow=\"a1e8de9\" href='https:\/\/augreduventalbi.com\/wp-content\/uploads\/2024\/11\/boletgrdcuilleres-ateliercabosse1-scaled.jpg'><img loading=\"lazy\" decoding=\"async\" width=\"150\" height=\"150\" src=\"https:\/\/augreduventalbi.com\/wp-content\/uploads\/2024\/11\/boletgrdcuilleres-ateliercabosse1-150x150.jpg\" class=\"attachment-thumbnail size-thumbnail\" alt=\"\" \/><\/a>\n\t\t\t<\/dt><\/dl><dl class='gallery-item'>\n\t\t\t<dt class='gallery-icon landscape'>\n\t\t\t\t<a data-elementor-open-lightbox=\"yes\" data-elementor-lightbox-slideshow=\"a1e8de9\" href='https:\/\/augreduventalbi.com\/wp-content\/uploads\/2024\/11\/bocal-ateliercabosse-scaled.jpg'><img loading=\"lazy\" decoding=\"async\" width=\"150\" height=\"150\" src=\"https:\/\/augreduventalbi.com\/wp-content\/uploads\/2024\/11\/bocal-ateliercabosse-150x150.jpg\" class=\"attachment-thumbnail size-thumbnail\" alt=\"\" srcset=\"https:\/\/augreduventalbi.com\/wp-content\/uploads\/2024\/11\/bocal-ateliercabosse-150x150.jpg 150w, https:\/\/augreduventalbi.com\/wp-content\/uploads\/2024\/11\/bocal-ateliercabosse-300x300.jpg 300w, https:\/\/augreduventalbi.com\/wp-content\/uploads\/2024\/11\/bocal-ateliercabosse-1024x1024.jpg 1024w, https:\/\/augreduventalbi.com\/wp-content\/uploads\/2024\/11\/bocal-ateliercabosse-768x768.jpg 768w, https:\/\/augreduventalbi.com\/wp-content\/uploads\/2024\/11\/bocal-ateliercabosse-1536x1536.jpg 1536w, https:\/\/augreduventalbi.com\/wp-content\/uploads\/2024\/11\/bocal-ateliercabosse-2048x2048.jpg 2048w\" sizes=\"auto, (max-width: 150px) 100vw, 150px\" \/><\/a>\n\t\t\t<\/dt><\/dl><br style=\"clear: both\" \/><dl class='gallery-item'>\n\t\t\t<dt class='gallery-icon portrait'>\n\t\t\t\t<a data-elementor-open-lightbox=\"yes\" data-elementor-lightbox-slideshow=\"a1e8de9\" href='https:\/\/augreduventalbi.com\/wp-content\/uploads\/2024\/11\/2boites-ateliercabosse1-scaled.jpg'><img loading=\"lazy\" decoding=\"async\" width=\"150\" height=\"150\" src=\"https:\/\/augreduventalbi.com\/wp-content\/uploads\/2024\/11\/2boites-ateliercabosse1-150x150.jpg\" class=\"attachment-thumbnail size-thumbnail\" alt=\"\" srcset=\"https:\/\/augreduventalbi.com\/wp-content\/uploads\/2024\/11\/2boites-ateliercabosse1-150x150.jpg 150w, https:\/\/augreduventalbi.com\/wp-content\/uploads\/2024\/11\/2boites-ateliercabosse1-300x300.jpg 300w, https:\/\/augreduventalbi.com\/wp-content\/uploads\/2024\/11\/2boites-ateliercabosse1-1021x1024.jpg 1021w, https:\/\/augreduventalbi.com\/wp-content\/uploads\/2024\/11\/2boites-ateliercabosse1-768x770.jpg 768w, https:\/\/augreduventalbi.com\/wp-content\/uploads\/2024\/11\/2boites-ateliercabosse1-1532x1536.jpg 1532w, https:\/\/augreduventalbi.com\/wp-content\/uploads\/2024\/11\/2boites-ateliercabosse1-2043x2048.jpg 2043w\" sizes=\"auto, (max-width: 150px) 100vw, 150px\" \/><\/a>\n\t\t\t<\/dt><\/dl>\n\t\t\t<br style='clear: both' \/>\n\t\t<\/div>\n\t\t<\/div>\n\t\t\t\t<\/div>\n\t\t\t\t<\/div>\n\t\t\t\t\t\t<\/div>\n\t\t\t\t\t<\/div>\n\t\t<\/div>\n\t\t\t\t\t\t\t\t<\/div>\n\t\t\t\t\t<\/div>\n\t\t<\/section>\n\t\t\t\t\t\t<\/div>\n\t\t\t\t\t\t<\/div>\n\t\t\t\t\t<\/div>\n\t\t","protected":false},"excerpt":{"rendered":"<p>Alice Atelier Cabosse Tourneur et sculptrice sur bois, nous proposons des objets pour la maison en bois tourn\u00e9s et\/ou sculpt\u00e9s &#8211; bois provenant de notre for\u00eat, arbres tomb\u00e9s d&rsquo;eux m\u00eames uniquement &#8211; pi\u00e8ces uniques ou tr\u00e8s petites s\u00e9ries. \u00a0 Pour contacter Alice : ateliercabosse@yahoo.com D\u00e9couvrez l&rsquo;univers de l&rsquo;atelier Cabosse<\/p>\n","protected":false},"author":1,"featured_media":0,"parent":0,"menu_order":0,"comment_status":"closed","ping_status":"closed","template":"","meta":{"footnotes":""},"class_list":["post-1619","page","type-page","status-publish","hentry","no-thumb"],"_links":{"self":[{"href":"https:\/\/augreduventalbi.com\/index.php\/wp-json\/wp\/v2\/pages\/1619","targetHints":{"allow":["GET"]}}],"collection":[{"href":"https:\/\/augreduventalbi.com\/index.php\/wp-json\/wp\/v2\/pages"}],"about":[{"href":"https:\/\/augreduventalbi.com\/index.php\/wp-json\/wp\/v2\/types\/page"}],"author":[{"embeddable":true,"href":"https:\/\/augreduventalbi.com\/index.php\/wp-json\/wp\/v2\/users\/1"}],"replies":[{"embeddable":true,"href":"https:\/\/augreduventalbi.com\/index.php\/wp-json\/wp\/v2\/comments?post=1619"}],"version-history":[{"count":10,"href":"https:\/\/augreduventalbi.com\/index.php\/wp-json\/wp\/v2\/pages\/1619\/revisions"}],"predecessor-version":[{"id":1681,"href":"https:\/\/augreduventalbi.com\/index.php\/wp-json\/wp\/v2\/pages\/1619\/revisions\/1681"}],"wp:attachment":[{"href":"https:\/\/augreduventalbi.com\/index.php\/wp-json\/wp\/v2\/media?parent=1619"}],"curies":[{"name":"wp","href":"https:\/\/api.w.org\/{rel}","templated":true}]}}