{"id":1379,"date":"2024-01-05T15:31:27","date_gmt":"2024-01-05T14:31:27","guid":{"rendered":"http:\/\/augreduventalbi.com\/?page_id=1379"},"modified":"2024-11-04T11:58:01","modified_gmt":"2024-11-04T10:58:01","slug":"nina-clauzel","status":"publish","type":"page","link":"https:\/\/augreduventalbi.com\/index.php\/nina-clauzel\/","title":{"rendered":"Nina Clauzel"},"content":{"rendered":"\t\t<div data-elementor-type=\"wp-page\" data-elementor-id=\"1379\" class=\"elementor elementor-1379\" data-elementor-settings=\"[]\">\n\t\t\t\t\t\t<div class=\"elementor-inner\">\n\t\t\t\t\t\t\t<div class=\"elementor-section-wrap\">\n\t\t\t\t\t\t\t<section class=\"elementor-section elementor-top-section elementor-element elementor-element-f57a50c elementor-section-boxed elementor-section-height-default elementor-section-height-default\" data-id=\"f57a50c\" data-element_type=\"section\">\n\t\t\t\t\t\t<div class=\"elementor-container elementor-column-gap-default\">\n\t\t\t\t\t\t\t<div class=\"elementor-row\">\n\t\t\t\t\t<div class=\"elementor-column elementor-col-33 elementor-top-column elementor-element elementor-element-f698cd6\" data-id=\"f698cd6\" data-element_type=\"column\">\n\t\t\t<div class=\"elementor-column-wrap elementor-element-populated\">\n\t\t\t\t\t\t\t<div class=\"elementor-widget-wrap\">\n\t\t\t\t\t\t<div class=\"elementor-element elementor-element-8557ae5 elementor-widget elementor-widget-image\" data-id=\"8557ae5\" data-element_type=\"widget\" data-widget_type=\"image.default\">\n\t\t\t\t<div class=\"elementor-widget-container\">\n\t\t\t\t\t<div class=\"elementor-image\">\n\t\t\t\t\t\t\t\t\t\t<img loading=\"lazy\" decoding=\"async\" width=\"711\" height=\"1024\" src=\"https:\/\/augreduventalbi.com\/wp-content\/uploads\/2024\/11\/P1090307_nb-711x1024.jpg\" class=\"attachment-large size-large\" alt=\"\" srcset=\"https:\/\/augreduventalbi.com\/wp-content\/uploads\/2024\/11\/P1090307_nb-711x1024.jpg 711w, https:\/\/augreduventalbi.com\/wp-content\/uploads\/2024\/11\/P1090307_nb-208x300.jpg 208w, https:\/\/augreduventalbi.com\/wp-content\/uploads\/2024\/11\/P1090307_nb-768x1106.jpg 768w, https:\/\/augreduventalbi.com\/wp-content\/uploads\/2024\/11\/P1090307_nb-1067x1536.jpg 1067w, https:\/\/augreduventalbi.com\/wp-content\/uploads\/2024\/11\/P1090307_nb.jpg 1389w\" sizes=\"auto, (max-width: 711px) 100vw, 711px\" \/>\t\t\t\t\t\t\t\t\t\t\t<\/div>\n\t\t\t\t<\/div>\n\t\t\t\t<\/div>\n\t\t\t\t\t\t<\/div>\n\t\t\t\t\t<\/div>\n\t\t<\/div>\n\t\t\t\t<div class=\"elementor-column elementor-col-66 elementor-top-column elementor-element elementor-element-646646c\" data-id=\"646646c\" data-element_type=\"column\">\n\t\t\t<div class=\"elementor-column-wrap elementor-element-populated\">\n\t\t\t\t\t\t\t<div class=\"elementor-widget-wrap\">\n\t\t\t\t\t\t<div class=\"elementor-element elementor-element-741b51b elementor-widget elementor-widget-text-editor\" data-id=\"741b51b\" data-element_type=\"widget\" data-widget_type=\"text-editor.default\">\n\t\t\t\t<div class=\"elementor-widget-container\">\n\t\t\t\t\t<div class=\"elementor-text-editor elementor-clearfix\"><h2>Nina Clauzel<\/h2><p><strong>Illustrations<\/strong><\/p><p>Illustratrice inspir\u00e9e par la nature, je travaille \u00e0 la gouache, pastels, crayons de couleur ou encore en linogravure. J&rsquo;aime m\u00e9langer les m\u00e9diums pour donner de la texture et de la profondeur \u00e0 mes cr\u00e9ations. Plantes, fleurs, fruits, l\u00e9gumes et paysages se transforment ainsi en illustrations color\u00e9es, d\u00e9clin\u00e9es en affiches, cartes postales ou encore stickers\u00a0!<\/p><p>Je r\u00e9alise \u00e9galement de l&rsquo;impression en linogravure sur textile. J&rsquo;utilise des v\u00eatements de seconde main (tee-shirts principalement) que j&rsquo;imprime ensuite \u00e0 la main dans mon atelier.<\/p><div><div><div><div dir=\"auto\"><div dir=\"auto\"><p><strong>\u00a0<\/strong><\/p><h5><strong>Pour contacter Nina :<\/strong><\/h5><h5><a href=\"https:\/\/ninaclauzel.fr\" target=\"_blank\" rel=\"noopener\"><img loading=\"lazy\" decoding=\"async\" class=\"alignleft wp-image-162\" src=\"http:\/\/augreduventalbi.com\/wp-content\/uploads\/2020\/11\/web-150x150.png\" alt=\"\" width=\"30\" height=\"30\" srcset=\"https:\/\/augreduventalbi.com\/wp-content\/uploads\/2020\/11\/web-150x150.png 150w, https:\/\/augreduventalbi.com\/wp-content\/uploads\/2020\/11\/web-300x300.png 300w, https:\/\/augreduventalbi.com\/wp-content\/uploads\/2020\/11\/web.png 384w\" sizes=\"auto, (max-width: 30px) 100vw, 30px\" \/><\/a><a href=\"https:\/\/www.facebook.com\/ninaclauzel\" target=\"_blank\" rel=\"noopener\"><img loading=\"lazy\" decoding=\"async\" class=\"alignleft wp-image-163\" src=\"http:\/\/augreduventalbi.com\/wp-content\/uploads\/2020\/11\/FB-cray-1-150x150.png\" alt=\"\" width=\"30\" height=\"31\" srcset=\"https:\/\/augreduventalbi.com\/wp-content\/uploads\/2020\/11\/FB-cray-1-150x150.png 150w, https:\/\/augreduventalbi.com\/wp-content\/uploads\/2020\/11\/FB-cray-1-292x300.png 292w, https:\/\/augreduventalbi.com\/wp-content\/uploads\/2020\/11\/FB-cray-1-995x1024.png 995w, https:\/\/augreduventalbi.com\/wp-content\/uploads\/2020\/11\/FB-cray-1-768x790.png 768w, https:\/\/augreduventalbi.com\/wp-content\/uploads\/2020\/11\/FB-cray-1.png 1320w\" sizes=\"auto, (max-width: 30px) 100vw, 30px\" \/><\/a><a href=\"https:\/\/www.instagram.com\/ninaclauzel\/\" target=\"_blank\" rel=\"noopener\"><img loading=\"lazy\" decoding=\"async\" class=\"alignleft wp-image-161\" src=\"http:\/\/augreduventalbi.com\/wp-content\/uploads\/2020\/11\/insta-150x150.png\" alt=\"\" width=\"30\" height=\"30\" srcset=\"https:\/\/augreduventalbi.com\/wp-content\/uploads\/2020\/11\/insta-150x150.png 150w, https:\/\/augreduventalbi.com\/wp-content\/uploads\/2020\/11\/insta-300x300.png 300w, https:\/\/augreduventalbi.com\/wp-content\/uploads\/2020\/11\/insta-1024x1024.png 1024w, https:\/\/augreduventalbi.com\/wp-content\/uploads\/2020\/11\/insta-768x769.png 768w, https:\/\/augreduventalbi.com\/wp-content\/uploads\/2020\/11\/insta.png 1319w\" sizes=\"auto, (max-width: 30px) 100vw, 30px\" \/><\/a><\/h5><\/div><\/div><\/div><\/div><\/div><\/div>\n\t\t\t\t<\/div>\n\t\t\t\t<\/div>\n\t\t\t\t\t\t<\/div>\n\t\t\t\t\t<\/div>\n\t\t<\/div>\n\t\t\t\t\t\t\t\t<\/div>\n\t\t\t\t\t<\/div>\n\t\t<\/section>\n\t\t\t\t<section class=\"elementor-section elementor-top-section elementor-element elementor-element-1cab8da elementor-section-boxed elementor-section-height-default elementor-section-height-default\" data-id=\"1cab8da\" data-element_type=\"section\">\n\t\t\t\t\t\t<div class=\"elementor-container elementor-column-gap-default\">\n\t\t\t\t\t\t\t<div class=\"elementor-row\">\n\t\t\t\t\t<div class=\"elementor-column elementor-col-100 elementor-top-column elementor-element elementor-element-6c0f68a\" data-id=\"6c0f68a\" data-element_type=\"column\">\n\t\t\t<div class=\"elementor-column-wrap elementor-element-populated\">\n\t\t\t\t\t\t\t<div class=\"elementor-widget-wrap\">\n\t\t\t\t\t\t<div class=\"elementor-element elementor-element-1f07778 elementor-widget elementor-widget-text-editor\" data-id=\"1f07778\" data-element_type=\"widget\" data-widget_type=\"text-editor.default\">\n\t\t\t\t<div class=\"elementor-widget-container\">\n\t\t\t\t\t<div class=\"elementor-text-editor elementor-clearfix\"><h3>D\u00e9couvrez l&rsquo;univers de Nina Clauzel<\/h3><\/div>\n\t\t\t\t<\/div>\n\t\t\t\t<\/div>\n\t\t\t\t\t\t<\/div>\n\t\t\t\t\t<\/div>\n\t\t<\/div>\n\t\t\t\t\t\t\t\t<\/div>\n\t\t\t\t\t<\/div>\n\t\t<\/section>\n\t\t\t\t<section class=\"elementor-section elementor-top-section elementor-element elementor-element-20f2a5f elementor-section-boxed elementor-section-height-default elementor-section-height-default\" data-id=\"20f2a5f\" data-element_type=\"section\">\n\t\t\t\t\t\t<div class=\"elementor-container elementor-column-gap-default\">\n\t\t\t\t\t\t\t<div class=\"elementor-row\">\n\t\t\t\t\t<div class=\"elementor-column elementor-col-100 elementor-top-column elementor-element elementor-element-bfaa1ac\" data-id=\"bfaa1ac\" data-element_type=\"column\">\n\t\t\t<div class=\"elementor-column-wrap elementor-element-populated\">\n\t\t\t\t\t\t\t<div class=\"elementor-widget-wrap\">\n\t\t\t\t\t\t<div class=\"elementor-element elementor-element-a70f58d gallery-spacing-custom elementor-widget elementor-widget-image-gallery\" data-id=\"a70f58d\" data-element_type=\"widget\" data-widget_type=\"image-gallery.default\">\n\t\t\t\t<div class=\"elementor-widget-container\">\n\t\t\t\t\t<div class=\"elementor-image-gallery\">\n\t\t\t\n\t\t<style type=\"text\/css\">\n\t\t\t#gallery-1 {\n\t\t\t\tmargin: auto;\n\t\t\t}\n\t\t\t#gallery-1 .gallery-item {\n\t\t\t\tfloat: left;\n\t\t\t\tmargin-top: 10px;\n\t\t\t\ttext-align: center;\n\t\t\t\twidth: 25%;\n\t\t\t}\n\t\t\t#gallery-1 img {\n\t\t\t\tborder: 2px solid #cfcfcf;\n\t\t\t}\n\t\t\t#gallery-1 .gallery-caption {\n\t\t\t\tmargin-left: 0;\n\t\t\t}\n\t\t\t\/* see gallery_shortcode() in wp-includes\/media.php *\/\n\t\t<\/style>\n\t\t<div id='gallery-1' class='gallery galleryid-1379 gallery-columns-4 gallery-size-thumbnail'><dl class='gallery-item'>\n\t\t\t<dt class='gallery-icon landscape'>\n\t\t\t\t<a data-elementor-open-lightbox=\"yes\" data-elementor-lightbox-slideshow=\"a70f58d\" href='https:\/\/augreduventalbi.com\/wp-content\/uploads\/2024\/01\/Clauzel_creations_3-scaled.jpg'><img loading=\"lazy\" decoding=\"async\" width=\"150\" height=\"150\" src=\"https:\/\/augreduventalbi.com\/wp-content\/uploads\/2024\/01\/Clauzel_creations_3-150x150.jpg\" class=\"attachment-thumbnail size-thumbnail\" alt=\"\" \/><\/a>\n\t\t\t<\/dt><\/dl><dl class='gallery-item'>\n\t\t\t<dt class='gallery-icon landscape'>\n\t\t\t\t<a data-elementor-open-lightbox=\"yes\" data-elementor-lightbox-slideshow=\"a70f58d\" href='https:\/\/augreduventalbi.com\/wp-content\/uploads\/2024\/11\/ninaclauzel-5.jpg'><img loading=\"lazy\" decoding=\"async\" width=\"150\" height=\"150\" src=\"https:\/\/augreduventalbi.com\/wp-content\/uploads\/2024\/11\/ninaclauzel-5-150x150.jpg\" class=\"attachment-thumbnail size-thumbnail\" alt=\"\" srcset=\"https:\/\/augreduventalbi.com\/wp-content\/uploads\/2024\/11\/ninaclauzel-5-150x150.jpg 150w, https:\/\/augreduventalbi.com\/wp-content\/uploads\/2024\/11\/ninaclauzel-5-300x300.jpg 300w, https:\/\/augreduventalbi.com\/wp-content\/uploads\/2024\/11\/ninaclauzel-5-1024x1024.jpg 1024w, https:\/\/augreduventalbi.com\/wp-content\/uploads\/2024\/11\/ninaclauzel-5-768x768.jpg 768w, https:\/\/augreduventalbi.com\/wp-content\/uploads\/2024\/11\/ninaclauzel-5-1536x1536.jpg 1536w, https:\/\/augreduventalbi.com\/wp-content\/uploads\/2024\/11\/ninaclauzel-5-2048x2048.jpg 2048w\" sizes=\"auto, (max-width: 150px) 100vw, 150px\" \/><\/a>\n\t\t\t<\/dt><\/dl><dl class='gallery-item'>\n\t\t\t<dt class='gallery-icon landscape'>\n\t\t\t\t<a data-elementor-open-lightbox=\"yes\" data-elementor-lightbox-slideshow=\"a70f58d\" href='https:\/\/augreduventalbi.com\/wp-content\/uploads\/2024\/11\/ninaclauzel-1.jpg'><img loading=\"lazy\" decoding=\"async\" width=\"150\" height=\"150\" src=\"https:\/\/augreduventalbi.com\/wp-content\/uploads\/2024\/11\/ninaclauzel-1-150x150.jpg\" class=\"attachment-thumbnail size-thumbnail\" alt=\"\" srcset=\"https:\/\/augreduventalbi.com\/wp-content\/uploads\/2024\/11\/ninaclauzel-1-150x150.jpg 150w, https:\/\/augreduventalbi.com\/wp-content\/uploads\/2024\/11\/ninaclauzel-1-300x300.jpg 300w, https:\/\/augreduventalbi.com\/wp-content\/uploads\/2024\/11\/ninaclauzel-1-1024x1024.jpg 1024w, https:\/\/augreduventalbi.com\/wp-content\/uploads\/2024\/11\/ninaclauzel-1-768x768.jpg 768w, https:\/\/augreduventalbi.com\/wp-content\/uploads\/2024\/11\/ninaclauzel-1-1536x1536.jpg 1536w, https:\/\/augreduventalbi.com\/wp-content\/uploads\/2024\/11\/ninaclauzel-1-2048x2048.jpg 2048w\" sizes=\"auto, (max-width: 150px) 100vw, 150px\" \/><\/a>\n\t\t\t<\/dt><\/dl><dl class='gallery-item'>\n\t\t\t<dt class='gallery-icon landscape'>\n\t\t\t\t<a data-elementor-open-lightbox=\"yes\" data-elementor-lightbox-slideshow=\"a70f58d\" href='https:\/\/augreduventalbi.com\/wp-content\/uploads\/2024\/11\/Clauzel_creations_4-scaled.jpg'><img loading=\"lazy\" decoding=\"async\" width=\"150\" height=\"150\" src=\"https:\/\/augreduventalbi.com\/wp-content\/uploads\/2024\/11\/Clauzel_creations_4-150x150.jpg\" class=\"attachment-thumbnail size-thumbnail\" alt=\"\" \/><\/a>\n\t\t\t<\/dt><\/dl><br style=\"clear: both\" \/><dl class='gallery-item'>\n\t\t\t<dt class='gallery-icon landscape'>\n\t\t\t\t<a data-elementor-open-lightbox=\"yes\" data-elementor-lightbox-slideshow=\"a70f58d\" href='https:\/\/augreduventalbi.com\/wp-content\/uploads\/2024\/01\/Clauzel_creations_4-scaled.jpg'><img loading=\"lazy\" decoding=\"async\" width=\"150\" height=\"150\" src=\"https:\/\/augreduventalbi.com\/wp-content\/uploads\/2024\/01\/Clauzel_creations_4-150x150.jpg\" class=\"attachment-thumbnail size-thumbnail\" alt=\"\" \/><\/a>\n\t\t\t<\/dt><\/dl><dl class='gallery-item'>\n\t\t\t<dt class='gallery-icon landscape'>\n\t\t\t\t<a data-elementor-open-lightbox=\"yes\" data-elementor-lightbox-slideshow=\"a70f58d\" href='https:\/\/augreduventalbi.com\/wp-content\/uploads\/2024\/11\/ninaclauzel-3.jpg'><img loading=\"lazy\" decoding=\"async\" width=\"150\" height=\"150\" src=\"https:\/\/augreduventalbi.com\/wp-content\/uploads\/2024\/11\/ninaclauzel-3-150x150.jpg\" class=\"attachment-thumbnail size-thumbnail\" alt=\"\" srcset=\"https:\/\/augreduventalbi.com\/wp-content\/uploads\/2024\/11\/ninaclauzel-3-150x150.jpg 150w, https:\/\/augreduventalbi.com\/wp-content\/uploads\/2024\/11\/ninaclauzel-3-300x300.jpg 300w, https:\/\/augreduventalbi.com\/wp-content\/uploads\/2024\/11\/ninaclauzel-3-1024x1024.jpg 1024w, https:\/\/augreduventalbi.com\/wp-content\/uploads\/2024\/11\/ninaclauzel-3-768x768.jpg 768w, https:\/\/augreduventalbi.com\/wp-content\/uploads\/2024\/11\/ninaclauzel-3-1536x1536.jpg 1536w, https:\/\/augreduventalbi.com\/wp-content\/uploads\/2024\/11\/ninaclauzel-3-2048x2048.jpg 2048w\" sizes=\"auto, (max-width: 150px) 100vw, 150px\" \/><\/a>\n\t\t\t<\/dt><\/dl>\n\t\t\t<br style='clear: both' \/>\n\t\t<\/div>\n\t\t<\/div>\n\t\t\t\t<\/div>\n\t\t\t\t<\/div>\n\t\t\t\t\t\t<\/div>\n\t\t\t\t\t<\/div>\n\t\t<\/div>\n\t\t\t\t\t\t\t\t<\/div>\n\t\t\t\t\t<\/div>\n\t\t<\/section>\n\t\t\t\t\t\t<\/div>\n\t\t\t\t\t\t<\/div>\n\t\t\t\t\t<\/div>\n\t\t","protected":false},"excerpt":{"rendered":"<p>Nina Clauzel Illustrations Illustratrice inspir\u00e9e par la nature, je travaille \u00e0 la gouache, pastels, crayons de couleur ou encore en linogravure. J&rsquo;aime m\u00e9langer les m\u00e9diums pour donner de la texture et de la profondeur \u00e0 mes cr\u00e9ations. Plantes, fleurs, fruits, l\u00e9gumes et paysages se transforment ainsi en illustrations color\u00e9es, d\u00e9clin\u00e9es en affiches, cartes postales ouLire la suite &rarr;<\/p>\n","protected":false},"author":1,"featured_media":0,"parent":0,"menu_order":0,"comment_status":"closed","ping_status":"closed","template":"","meta":{"footnotes":""},"class_list":["post-1379","page","type-page","status-publish","hentry","no-thumb"],"_links":{"self":[{"href":"https:\/\/augreduventalbi.com\/index.php\/wp-json\/wp\/v2\/pages\/1379","targetHints":{"allow":["GET"]}}],"collection":[{"href":"https:\/\/augreduventalbi.com\/index.php\/wp-json\/wp\/v2\/pages"}],"about":[{"href":"https:\/\/augreduventalbi.com\/index.php\/wp-json\/wp\/v2\/types\/page"}],"author":[{"embeddable":true,"href":"https:\/\/augreduventalbi.com\/index.php\/wp-json\/wp\/v2\/users\/1"}],"replies":[{"embeddable":true,"href":"https:\/\/augreduventalbi.com\/index.php\/wp-json\/wp\/v2\/comments?post=1379"}],"version-history":[{"count":10,"href":"https:\/\/augreduventalbi.com\/index.php\/wp-json\/wp\/v2\/pages\/1379\/revisions"}],"predecessor-version":[{"id":1677,"href":"https:\/\/augreduventalbi.com\/index.php\/wp-json\/wp\/v2\/pages\/1379\/revisions\/1677"}],"wp:attachment":[{"href":"https:\/\/augreduventalbi.com\/index.php\/wp-json\/wp\/v2\/media?parent=1379"}],"curies":[{"name":"wp","href":"https:\/\/api.w.org\/{rel}","templated":true}]}}