{"id":1335,"date":"2024-01-05T14:47:30","date_gmt":"2024-01-05T13:47:30","guid":{"rendered":"http:\/\/augreduventalbi.com\/?page_id=1335"},"modified":"2024-11-04T11:45:17","modified_gmt":"2024-11-04T10:45:17","slug":"yoz-ceramique","status":"publish","type":"page","link":"https:\/\/augreduventalbi.com\/index.php\/yoz-ceramique\/","title":{"rendered":"Yoz C\u00e9ramique"},"content":{"rendered":"\t\t<div data-elementor-type=\"wp-page\" data-elementor-id=\"1335\" class=\"elementor elementor-1335\" data-elementor-settings=\"[]\">\n\t\t\t\t\t\t<div class=\"elementor-inner\">\n\t\t\t\t\t\t\t<div class=\"elementor-section-wrap\">\n\t\t\t\t\t\t\t<section class=\"elementor-section elementor-top-section elementor-element elementor-element-8705c4c elementor-section-boxed elementor-section-height-default elementor-section-height-default\" data-id=\"8705c4c\" data-element_type=\"section\">\n\t\t\t\t\t\t<div class=\"elementor-container elementor-column-gap-default\">\n\t\t\t\t\t\t\t<div class=\"elementor-row\">\n\t\t\t\t\t<div class=\"elementor-column elementor-col-33 elementor-top-column elementor-element elementor-element-c4fbf24\" data-id=\"c4fbf24\" data-element_type=\"column\">\n\t\t\t<div class=\"elementor-column-wrap elementor-element-populated\">\n\t\t\t\t\t\t\t<div class=\"elementor-widget-wrap\">\n\t\t\t\t\t\t<div class=\"elementor-element elementor-element-3fc4497 elementor-widget elementor-widget-image\" data-id=\"3fc4497\" data-element_type=\"widget\" data-widget_type=\"image.default\">\n\t\t\t\t<div class=\"elementor-widget-container\">\n\t\t\t\t\t<div class=\"elementor-image\">\n\t\t\t\t\t\t\t\t\t\t<img loading=\"lazy\" decoding=\"async\" width=\"1024\" height=\"1024\" src=\"https:\/\/augreduventalbi.com\/wp-content\/uploads\/2024\/01\/169549957_1674960092707832_6937516269846757549_n-1024x1024.jpg\" class=\"attachment-large size-large\" alt=\"\" srcset=\"https:\/\/augreduventalbi.com\/wp-content\/uploads\/2024\/01\/169549957_1674960092707832_6937516269846757549_n-1024x1024.jpg 1024w, https:\/\/augreduventalbi.com\/wp-content\/uploads\/2024\/01\/169549957_1674960092707832_6937516269846757549_n-300x300.jpg 300w, https:\/\/augreduventalbi.com\/wp-content\/uploads\/2024\/01\/169549957_1674960092707832_6937516269846757549_n-150x150.jpg 150w, https:\/\/augreduventalbi.com\/wp-content\/uploads\/2024\/01\/169549957_1674960092707832_6937516269846757549_n-768x768.jpg 768w, https:\/\/augreduventalbi.com\/wp-content\/uploads\/2024\/01\/169549957_1674960092707832_6937516269846757549_n.jpg 1080w\" sizes=\"auto, (max-width: 1024px) 100vw, 1024px\" \/>\t\t\t\t\t\t\t\t\t\t\t<\/div>\n\t\t\t\t<\/div>\n\t\t\t\t<\/div>\n\t\t\t\t\t\t<\/div>\n\t\t\t\t\t<\/div>\n\t\t<\/div>\n\t\t\t\t<div class=\"elementor-column elementor-col-66 elementor-top-column elementor-element elementor-element-db5c3e7\" data-id=\"db5c3e7\" data-element_type=\"column\">\n\t\t\t<div class=\"elementor-column-wrap elementor-element-populated\">\n\t\t\t\t\t\t\t<div class=\"elementor-widget-wrap\">\n\t\t\t\t\t\t<div class=\"elementor-element elementor-element-56c217e elementor-widget elementor-widget-text-editor\" data-id=\"56c217e\" data-element_type=\"widget\" data-widget_type=\"text-editor.default\">\n\t\t\t\t<div class=\"elementor-widget-container\">\n\t\t\t\t\t<div class=\"elementor-text-editor elementor-clearfix\"><h5>C\u00e9line<\/h5><h2>Yoz C\u00e9ramique<\/h2><p><strong>C\u00e9ramique utilitaire et d\u00e9corative<\/strong><\/p><div><div><div><div dir=\"auto\"><div dir=\"auto\"><p><strong>\u00a0<\/strong><\/p><h5><strong>Pour contacter C\u00e9line :<\/strong><\/h5><h5><a href=\"https:\/\/www.instagram.com\/yozceramique\/?hl=fr\" target=\"_blank\" rel=\"noopener\"><img loading=\"lazy\" decoding=\"async\" class=\"alignleft wp-image-161\" src=\"http:\/\/augreduventalbi.com\/wp-content\/uploads\/2020\/11\/insta-150x150.png\" alt=\"\" width=\"30\" height=\"30\" srcset=\"https:\/\/augreduventalbi.com\/wp-content\/uploads\/2020\/11\/insta-150x150.png 150w, https:\/\/augreduventalbi.com\/wp-content\/uploads\/2020\/11\/insta-300x300.png 300w, https:\/\/augreduventalbi.com\/wp-content\/uploads\/2020\/11\/insta-1024x1024.png 1024w, https:\/\/augreduventalbi.com\/wp-content\/uploads\/2020\/11\/insta-768x769.png 768w, https:\/\/augreduventalbi.com\/wp-content\/uploads\/2020\/11\/insta.png 1319w\" sizes=\"auto, (max-width: 30px) 100vw, 30px\" \/><\/a><\/h5><\/div><\/div><\/div><\/div><\/div><\/div>\n\t\t\t\t<\/div>\n\t\t\t\t<\/div>\n\t\t\t\t\t\t<\/div>\n\t\t\t\t\t<\/div>\n\t\t<\/div>\n\t\t\t\t\t\t\t\t<\/div>\n\t\t\t\t\t<\/div>\n\t\t<\/section>\n\t\t\t\t<section class=\"elementor-section elementor-top-section elementor-element elementor-element-4218bd1 elementor-section-boxed elementor-section-height-default elementor-section-height-default\" data-id=\"4218bd1\" data-element_type=\"section\">\n\t\t\t\t\t\t<div class=\"elementor-container elementor-column-gap-default\">\n\t\t\t\t\t\t\t<div class=\"elementor-row\">\n\t\t\t\t\t<div class=\"elementor-column elementor-col-100 elementor-top-column elementor-element elementor-element-bd7cd37\" data-id=\"bd7cd37\" data-element_type=\"column\">\n\t\t\t<div class=\"elementor-column-wrap elementor-element-populated\">\n\t\t\t\t\t\t\t<div class=\"elementor-widget-wrap\">\n\t\t\t\t\t\t<div class=\"elementor-element elementor-element-f2aa6ee elementor-widget elementor-widget-text-editor\" data-id=\"f2aa6ee\" data-element_type=\"widget\" data-widget_type=\"text-editor.default\">\n\t\t\t\t<div class=\"elementor-widget-container\">\n\t\t\t\t\t<div class=\"elementor-text-editor elementor-clearfix\"><h3>D\u00e9couvrez l&rsquo;univers de Yoz C\u00e9ramique<\/h3><\/div>\n\t\t\t\t<\/div>\n\t\t\t\t<\/div>\n\t\t\t\t\t\t<\/div>\n\t\t\t\t\t<\/div>\n\t\t<\/div>\n\t\t\t\t\t\t\t\t<\/div>\n\t\t\t\t\t<\/div>\n\t\t<\/section>\n\t\t\t\t<section class=\"elementor-section elementor-top-section elementor-element elementor-element-0818188 elementor-section-boxed elementor-section-height-default elementor-section-height-default\" data-id=\"0818188\" data-element_type=\"section\">\n\t\t\t\t\t\t<div class=\"elementor-container elementor-column-gap-default\">\n\t\t\t\t\t\t\t<div class=\"elementor-row\">\n\t\t\t\t\t<div class=\"elementor-column elementor-col-100 elementor-top-column elementor-element elementor-element-7db3a62\" data-id=\"7db3a62\" data-element_type=\"column\">\n\t\t\t<div class=\"elementor-column-wrap elementor-element-populated\">\n\t\t\t\t\t\t\t<div class=\"elementor-widget-wrap\">\n\t\t\t\t\t\t<div class=\"elementor-element elementor-element-31fe857 gallery-spacing-custom elementor-widget elementor-widget-image-gallery\" data-id=\"31fe857\" data-element_type=\"widget\" data-widget_type=\"image-gallery.default\">\n\t\t\t\t<div class=\"elementor-widget-container\">\n\t\t\t\t\t<div class=\"elementor-image-gallery\">\n\t\t\t\n\t\t<style type=\"text\/css\">\n\t\t\t#gallery-1 {\n\t\t\t\tmargin: auto;\n\t\t\t}\n\t\t\t#gallery-1 .gallery-item {\n\t\t\t\tfloat: left;\n\t\t\t\tmargin-top: 10px;\n\t\t\t\ttext-align: center;\n\t\t\t\twidth: 25%;\n\t\t\t}\n\t\t\t#gallery-1 img {\n\t\t\t\tborder: 2px solid #cfcfcf;\n\t\t\t}\n\t\t\t#gallery-1 .gallery-caption {\n\t\t\t\tmargin-left: 0;\n\t\t\t}\n\t\t\t\/* see gallery_shortcode() in wp-includes\/media.php *\/\n\t\t<\/style>\n\t\t<div id='gallery-1' class='gallery galleryid-1335 gallery-columns-4 gallery-size-thumbnail'><dl class='gallery-item'>\n\t\t\t<dt class='gallery-icon landscape'>\n\t\t\t\t<a data-elementor-open-lightbox=\"yes\" data-elementor-lightbox-slideshow=\"31fe857\" href='https:\/\/augreduventalbi.com\/wp-content\/uploads\/2024\/01\/242571388_349585523579241_883937096361981024_n.jpg'><img loading=\"lazy\" decoding=\"async\" width=\"150\" height=\"150\" src=\"https:\/\/augreduventalbi.com\/wp-content\/uploads\/2024\/01\/242571388_349585523579241_883937096361981024_n-150x150.jpg\" class=\"attachment-thumbnail size-thumbnail\" alt=\"\" srcset=\"https:\/\/augreduventalbi.com\/wp-content\/uploads\/2024\/01\/242571388_349585523579241_883937096361981024_n-150x150.jpg 150w, https:\/\/augreduventalbi.com\/wp-content\/uploads\/2024\/01\/242571388_349585523579241_883937096361981024_n-300x300.jpg 300w, https:\/\/augreduventalbi.com\/wp-content\/uploads\/2024\/01\/242571388_349585523579241_883937096361981024_n-1024x1024.jpg 1024w, https:\/\/augreduventalbi.com\/wp-content\/uploads\/2024\/01\/242571388_349585523579241_883937096361981024_n-768x768.jpg 768w, https:\/\/augreduventalbi.com\/wp-content\/uploads\/2024\/01\/242571388_349585523579241_883937096361981024_n.jpg 1080w\" sizes=\"auto, (max-width: 150px) 100vw, 150px\" \/><\/a>\n\t\t\t<\/dt><\/dl><dl class='gallery-item'>\n\t\t\t<dt class='gallery-icon landscape'>\n\t\t\t\t<a data-elementor-open-lightbox=\"yes\" data-elementor-lightbox-slideshow=\"31fe857\" href='https:\/\/augreduventalbi.com\/wp-content\/uploads\/2024\/01\/205759164_497114618172632_120580217565023992_n.jpg'><img loading=\"lazy\" decoding=\"async\" width=\"150\" height=\"150\" src=\"https:\/\/augreduventalbi.com\/wp-content\/uploads\/2024\/01\/205759164_497114618172632_120580217565023992_n-150x150.jpg\" class=\"attachment-thumbnail size-thumbnail\" alt=\"\" srcset=\"https:\/\/augreduventalbi.com\/wp-content\/uploads\/2024\/01\/205759164_497114618172632_120580217565023992_n-150x150.jpg 150w, https:\/\/augreduventalbi.com\/wp-content\/uploads\/2024\/01\/205759164_497114618172632_120580217565023992_n-300x300.jpg 300w, https:\/\/augreduventalbi.com\/wp-content\/uploads\/2024\/01\/205759164_497114618172632_120580217565023992_n-1024x1024.jpg 1024w, https:\/\/augreduventalbi.com\/wp-content\/uploads\/2024\/01\/205759164_497114618172632_120580217565023992_n-768x768.jpg 768w, https:\/\/augreduventalbi.com\/wp-content\/uploads\/2024\/01\/205759164_497114618172632_120580217565023992_n.jpg 1080w\" sizes=\"auto, (max-width: 150px) 100vw, 150px\" \/><\/a>\n\t\t\t<\/dt><\/dl><dl class='gallery-item'>\n\t\t\t<dt class='gallery-icon landscape'>\n\t\t\t\t<a data-elementor-open-lightbox=\"yes\" data-elementor-lightbox-slideshow=\"31fe857\" href='https:\/\/augreduventalbi.com\/wp-content\/uploads\/2024\/01\/210219448_529211881452471_6079388351173168686_n.jpg'><img loading=\"lazy\" decoding=\"async\" width=\"150\" height=\"150\" src=\"https:\/\/augreduventalbi.com\/wp-content\/uploads\/2024\/01\/210219448_529211881452471_6079388351173168686_n-150x150.jpg\" class=\"attachment-thumbnail size-thumbnail\" alt=\"\" srcset=\"https:\/\/augreduventalbi.com\/wp-content\/uploads\/2024\/01\/210219448_529211881452471_6079388351173168686_n-150x150.jpg 150w, https:\/\/augreduventalbi.com\/wp-content\/uploads\/2024\/01\/210219448_529211881452471_6079388351173168686_n-300x300.jpg 300w, https:\/\/augreduventalbi.com\/wp-content\/uploads\/2024\/01\/210219448_529211881452471_6079388351173168686_n-1024x1024.jpg 1024w, https:\/\/augreduventalbi.com\/wp-content\/uploads\/2024\/01\/210219448_529211881452471_6079388351173168686_n-768x768.jpg 768w, https:\/\/augreduventalbi.com\/wp-content\/uploads\/2024\/01\/210219448_529211881452471_6079388351173168686_n.jpg 1080w\" sizes=\"auto, (max-width: 150px) 100vw, 150px\" \/><\/a>\n\t\t\t<\/dt><\/dl><dl class='gallery-item'>\n\t\t\t<dt class='gallery-icon landscape'>\n\t\t\t\t<a data-elementor-open-lightbox=\"yes\" data-elementor-lightbox-slideshow=\"31fe857\" href='https:\/\/augreduventalbi.com\/wp-content\/uploads\/2024\/01\/242464929_1003681557088167_8904153684042692213_n.jpg'><img loading=\"lazy\" decoding=\"async\" width=\"150\" height=\"150\" src=\"https:\/\/augreduventalbi.com\/wp-content\/uploads\/2024\/01\/242464929_1003681557088167_8904153684042692213_n-150x150.jpg\" class=\"attachment-thumbnail size-thumbnail\" alt=\"\" srcset=\"https:\/\/augreduventalbi.com\/wp-content\/uploads\/2024\/01\/242464929_1003681557088167_8904153684042692213_n-150x150.jpg 150w, https:\/\/augreduventalbi.com\/wp-content\/uploads\/2024\/01\/242464929_1003681557088167_8904153684042692213_n-300x300.jpg 300w, https:\/\/augreduventalbi.com\/wp-content\/uploads\/2024\/01\/242464929_1003681557088167_8904153684042692213_n-1024x1024.jpg 1024w, https:\/\/augreduventalbi.com\/wp-content\/uploads\/2024\/01\/242464929_1003681557088167_8904153684042692213_n-768x767.jpg 768w, https:\/\/augreduventalbi.com\/wp-content\/uploads\/2024\/01\/242464929_1003681557088167_8904153684042692213_n.jpg 1080w\" sizes=\"auto, (max-width: 150px) 100vw, 150px\" \/><\/a>\n\t\t\t<\/dt><\/dl><br style=\"clear: both\" \/>\n\t\t<\/div>\n\t\t<\/div>\n\t\t\t\t<\/div>\n\t\t\t\t<\/div>\n\t\t\t\t\t\t<\/div>\n\t\t\t\t\t<\/div>\n\t\t<\/div>\n\t\t\t\t\t\t\t\t<\/div>\n\t\t\t\t\t<\/div>\n\t\t<\/section>\n\t\t\t\t\t\t<\/div>\n\t\t\t\t\t\t<\/div>\n\t\t\t\t\t<\/div>\n\t\t","protected":false},"excerpt":{"rendered":"<p>C\u00e9line Yoz C\u00e9ramique C\u00e9ramique utilitaire et d\u00e9corative \u00a0 Pour contacter C\u00e9line : D\u00e9couvrez l&rsquo;univers de Yoz C\u00e9ramique<\/p>\n","protected":false},"author":1,"featured_media":0,"parent":0,"menu_order":0,"comment_status":"closed","ping_status":"closed","template":"","meta":{"footnotes":""},"class_list":["post-1335","page","type-page","status-publish","hentry","no-thumb"],"_links":{"self":[{"href":"https:\/\/augreduventalbi.com\/index.php\/wp-json\/wp\/v2\/pages\/1335","targetHints":{"allow":["GET"]}}],"collection":[{"href":"https:\/\/augreduventalbi.com\/index.php\/wp-json\/wp\/v2\/pages"}],"about":[{"href":"https:\/\/augreduventalbi.com\/index.php\/wp-json\/wp\/v2\/types\/page"}],"author":[{"embeddable":true,"href":"https:\/\/augreduventalbi.com\/index.php\/wp-json\/wp\/v2\/users\/1"}],"replies":[{"embeddable":true,"href":"https:\/\/augreduventalbi.com\/index.php\/wp-json\/wp\/v2\/comments?post=1335"}],"version-history":[{"count":12,"href":"https:\/\/augreduventalbi.com\/index.php\/wp-json\/wp\/v2\/pages\/1335\/revisions"}],"predecessor-version":[{"id":1667,"href":"https:\/\/augreduventalbi.com\/index.php\/wp-json\/wp\/v2\/pages\/1335\/revisions\/1667"}],"wp:attachment":[{"href":"https:\/\/augreduventalbi.com\/index.php\/wp-json\/wp\/v2\/media?parent=1335"}],"curies":[{"name":"wp","href":"https:\/\/api.w.org\/{rel}","templated":true}]}}